{"id":5325,"date":"2026-02-21T14:39:42","date_gmt":"2026-02-21T14:39:42","guid":{"rendered":"https:\/\/ivoirebatiroute.pds-staging.fr\/?page_id=5325"},"modified":"2026-02-25T08:42:20","modified_gmt":"2026-02-25T08:42:20","slug":"mentions-legales","status":"publish","type":"page","link":"https:\/\/ivoirebatiroute.pds-staging.fr\/index.php\/mentions-legales\/","title":{"rendered":"Mentions l\u00e9gales"},"content":{"rendered":"\t\t<div data-elementor-type=\"wp-page\" data-elementor-id=\"5325\" class=\"elementor elementor-5325\">\n\t\t\t\t<div class=\"elementor-element elementor-element-c6738ed e-flex e-con-boxed back-default-class e-con e-parent\" data-id=\"c6738ed\" data-element_type=\"container\" data-e-type=\"container\">\n\t\t\t\t\t<div class=\"e-con-inner\">\n\t\t<div class=\"elementor-element elementor-element-caad411 e-con-full e-flex back-default-class e-con e-child\" data-id=\"caad411\" data-element_type=\"container\" data-e-type=\"container\">\n\t\t\t\t<div class=\"elementor-element elementor-element-9d4c69f back-default-class elementor-widget elementor-widget-text-editor\" data-id=\"9d4c69f\" data-element_type=\"widget\" data-e-type=\"widget\" data-widget_type=\"text-editor.default\">\n\t\t\t\t\t\t\t\t\t<h2 style=\"margin-bottom: 0.5rem; font-family: 'Barlow Condensed', sans-serif; font-weight: 600; line-height: 1.2; color: #001234; font-size: 46px; word-break: break-word; letter-spacing: normal;\">MENTIONS L\u00c9GALES<\/h2><p style=\"margin-bottom: 1rem; color: #5b7d9a; font-family: Karla, sans-serif; font-size: 16px;\">En vigueur au 23\/02\/2026<\/p><p style=\"margin-bottom: 1rem; color: #5b7d9a; font-family: Karla, sans-serif; font-size: 16px;\">Il est port\u00e9 \u00e0 la connaissance des utilisateurs et visiteurs, ci-apr\u00e8s l\u2019 \u201c<span style=\"font-weight: bolder;\">Utilisateur<\/span>\u201c, du site ivoirebatiroute.ci, ci-apr\u00e8s le \u201c<span style=\"font-weight: bolder;\">Site<\/span>\u201c, les pr\u00e9sentes mentions l\u00e9gales.<\/p><p style=\"margin-bottom: 1rem; color: #5b7d9a; font-family: Karla, sans-serif; font-size: 16px;\">La connexion et la navigation sur le Site par l\u2019Utilisateur implique acceptation int\u00e9grale et sans r\u00e9serve des pr\u00e9sentes mentions l\u00e9gales.<\/p><p style=\"margin-bottom: 1rem; color: #5b7d9a; font-family: Karla, sans-serif; font-size: 16px;\">Ces derni\u00e8res sont accessibles sur le Site \u00e0 la rubrique \u201c<span style=\"font-weight: bolder;\">Mentions l\u00e9gales<\/span>\u201c.<\/p><h2 style=\"margin-bottom: 0.5rem; font-family: 'Barlow Condensed', sans-serif; font-weight: 600; line-height: 1.2; color: #001234; font-size: 46px; word-break: break-word; letter-spacing: normal;\">EDITION DU SITE<\/h2><p style=\"margin-bottom: 1rem; color: #5b7d9a; font-family: Karla, sans-serif; font-size: 16px;\">L\u2019\u00e9dition du Site est assur\u00e9e par la soci\u00e9t\u00e9 Ivoire Batiroute SA, immatricul\u00e9e en C\u00f4te d&#8217;Ivoire<\/p><p style=\"margin-bottom: 1rem; color: #5b7d9a; font-family: Karla, sans-serif; font-size: 16px;\">&gt;\u00a0<span style=\"font-weight: bolder;\">Num\u00e9ro de t\u00e9l\u00e9phone<\/span> : +225 27 22 43 62 56<\/p><p style=\"margin-bottom: 1rem; color: #5b7d9a; font-family: Karla, sans-serif; font-size: 16px;\">&gt;\u00a0<span style=\"font-weight: bolder;\">Adresse e-mail<\/span> : contact@ivoirebatiroute.ci<\/p><p style=\"margin-bottom: 1rem; color: #5b7d9a; font-family: Karla, sans-serif; font-size: 16px;\">&gt;\u00a0<span style=\"font-weight: bolder;\">Directeur de la publication<\/span> : Kylian Ouattara<\/p><p style=\"margin-bottom: 1rem; color: #5b7d9a; font-family: Karla, sans-serif; font-size: 16px;\">ci-apr\u00e8s l&#8217;\u201d<span style=\"font-weight: bolder;\">Editeur<\/span>\u201c.<\/p><h2 style=\"margin-bottom: 0.5rem; font-family: 'Barlow Condensed', sans-serif; font-weight: 600; line-height: 1.2; color: #001234; font-size: 46px; word-break: break-word; letter-spacing: normal;\">HEBERGEUR<\/h2><p style=\"margin-bottom: 1rem; color: #5b7d9a; font-family: Karla, sans-serif; font-size: 16px;\">L\u2019h\u00e9bergeur du Site est la soci\u00e9t\u00e9 Perfect Digital Services, immatricul\u00e9e au Registre du Commerce et des Soci\u00e9t\u00e9s de Bordeaux sous le num\u00e9ro 932514748 dont le si\u00e8ge social est situ\u00e9 \u00e0 Bordeaux,<\/p><p style=\"margin-bottom: 1rem; color: #5b7d9a; font-family: Karla, sans-serif; font-size: 16px;\">&gt;\u00a0<span style=\"font-weight: bolder;\">Num\u00e9ro de t\u00e9l\u00e9phone<\/span>\u00a0: +33 7 45 16 64 68<\/p><p style=\"margin-bottom: 1rem; color: #5b7d9a; font-family: Karla, sans-serif; font-size: 16px;\">&gt;\u00a0<span style=\"font-weight: bolder;\">Adresse e-mail<\/span>\u00a0:\u00a0contact@perfectdigitalservices.fr<\/p><p style=\"margin-bottom: 1rem; color: #5b7d9a; font-family: Karla, sans-serif; font-size: 16px;\"><span style=\"color: #001234; font-family: 'Barlow Condensed', sans-serif; font-size: 46px; font-weight: 600;\">ACCES AU SITE<\/span><\/p><p style=\"margin-bottom: 1rem; color: #5b7d9a; font-family: Karla, sans-serif; font-size: 16px;\">Le Site est normalement accessible, \u00e0 tout moment, \u00e0 l\u2019Utilisateur. Toutefois, l\u2019Editeur pourra, \u00e0 tout moment, suspendre, limiter ou interrompre le Site afin de proc\u00e9der, notamment, \u00e0 des mises \u00e0 jour ou des modifications de son contenu. L\u2019Editeur ne pourra en aucun cas \u00eatre tenu responsable des cons\u00e9quences \u00e9ventuelles de cette indisponibilit\u00e9 sur les activit\u00e9s de l\u2019Utilisateur.<\/p><p style=\"margin-bottom: 1rem; color: #5b7d9a; font-family: Karla, sans-serif; font-size: 16px;\">ci-apr\u00e8s l&#8217;\u201d<span style=\"font-weight: bolder;\">Editeur<\/span>\u201c.<\/p><h2 style=\"margin-bottom: 0.5rem; font-family: 'Barlow Condensed', sans-serif; font-weight: 600; line-height: 1.2; color: #001234; font-size: 46px; word-break: break-word; letter-spacing: normal;\">COLLECTE DES DONNEES<\/h2><p style=\"margin-bottom: 1rem; color: #5b7d9a; font-family: Karla, sans-serif; font-size: 16px;\">Le Site assure \u00e0 l\u2019Utilisateur une collecte et un traitement des donn\u00e9es personnelles dans le respect de la vie priv\u00e9e.<\/p><p style=\"margin-bottom: 1rem; color: #5b7d9a; font-family: Karla, sans-serif; font-size: 16px;\">En vertu de la R\u00e8glementation applicable en mati\u00e8re de protection des Donn\u00e9es \u00e0 caract\u00e8re personnel, l\u2019Utilisateur dispose d\u2019un droit d\u2019acc\u00e8s, de rectification, de suppression et d\u2019opposition de ses donn\u00e9es personnelles. L\u2019Utilisateur peut exercer ce droit :<\/p><p style=\"margin-bottom: 1rem; color: #5b7d9a; font-family: Karla, sans-serif; font-size: 16px;\">par mail \u00e0 l\u2019adresse email\u00a0contact@ivoirebatiroute.ci<\/p><p style=\"margin-bottom: 1rem; color: #5b7d9a; font-family: Karla, sans-serif; font-size: 16px;\">Toute utilisation, reproduction, diffusion, commercialisation, modification de toute ou partie du Site, sans autorisation expresse de l\u2019Editeur est prohib\u00e9e et pourra entra\u00eener des actions et poursuites judiciaires telles que pr\u00e9vues par la r\u00e8glementation en vigueur.<\/p>\t\t\t\t\t\t\t\t<\/div>\n\t\t\t\t<\/div>\n\t\t\t\t\t<\/div>\n\t\t\t\t<\/div>\n\t\t\t\t<\/div>\n\t\t","protected":false},"excerpt":{"rendered":"<p>MENTIONS L\u00c9GALES En vigueur au 23\/02\/2026 Il est port\u00e9 \u00e0 la connaissance des utilisateurs et visiteurs, ci-apr\u00e8s l\u2019 \u201cUtilisateur\u201c, du site ivoirebatiroute.ci, ci-apr\u00e8s le \u201cSite\u201c, les pr\u00e9sentes mentions l\u00e9gales. La connexion et la navigation sur le Site par l\u2019Utilisateur implique acceptation int\u00e9grale et sans r\u00e9serve des pr\u00e9sentes mentions l\u00e9gales. Ces derni\u00e8res sont accessibles sur le&#8230;<\/p>\n","protected":false},"author":1,"featured_media":0,"parent":0,"menu_order":0,"comment_status":"closed","ping_status":"closed","template":"elementor_header_footer","meta":{"footnotes":""},"class_list":["post-5325","page","type-page","status-publish","hentry"],"_links":{"self":[{"href":"https:\/\/ivoirebatiroute.pds-staging.fr\/index.php\/wp-json\/wp\/v2\/pages\/5325","targetHints":{"allow":["GET"]}}],"collection":[{"href":"https:\/\/ivoirebatiroute.pds-staging.fr\/index.php\/wp-json\/wp\/v2\/pages"}],"about":[{"href":"https:\/\/ivoirebatiroute.pds-staging.fr\/index.php\/wp-json\/wp\/v2\/types\/page"}],"author":[{"embeddable":true,"href":"https:\/\/ivoirebatiroute.pds-staging.fr\/index.php\/wp-json\/wp\/v2\/users\/1"}],"replies":[{"embeddable":true,"href":"https:\/\/ivoirebatiroute.pds-staging.fr\/index.php\/wp-json\/wp\/v2\/comments?post=5325"}],"version-history":[{"count":10,"href":"https:\/\/ivoirebatiroute.pds-staging.fr\/index.php\/wp-json\/wp\/v2\/pages\/5325\/revisions"}],"predecessor-version":[{"id":5581,"href":"https:\/\/ivoirebatiroute.pds-staging.fr\/index.php\/wp-json\/wp\/v2\/pages\/5325\/revisions\/5581"}],"wp:attachment":[{"href":"https:\/\/ivoirebatiroute.pds-staging.fr\/index.php\/wp-json\/wp\/v2\/media?parent=5325"}],"curies":[{"name":"wp","href":"https:\/\/api.w.org\/{rel}","templated":true}]}}