{"id":4847,"date":"2024-04-15T04:07:46","date_gmt":"2024-04-15T04:07:46","guid":{"rendered":"https:\/\/backtheme.tech\/products\/wordpress\/builo-construction\/?page_id=4847"},"modified":"2026-02-22T12:59:43","modified_gmt":"2026-02-22T12:59:43","slug":"blog-grid","status":"publish","type":"page","link":"https:\/\/ivoirebatiroute.pds-staging.fr\/index.php\/blog-grid\/","title":{"rendered":"Blog Grid"},"content":{"rendered":"\t\t<div data-elementor-type=\"wp-page\" data-elementor-id=\"4847\" class=\"elementor elementor-4847\">\n\t\t\t\t<div class=\"elementor-element elementor-element-a1910b3 e-flex e-con-boxed back-default-class e-con e-parent\" data-id=\"a1910b3\" data-element_type=\"container\" data-e-type=\"container\">\n\t\t\t\t\t<div class=\"e-con-inner\">\n\t\t\t\t<div class=\"elementor-element elementor-element-921369e back-default-class elementor-widget elementor-widget-back_blog_grid\" data-id=\"921369e\" data-element_type=\"widget\" data-e-type=\"widget\" data-widget_type=\"back_blog_grid.default\">\n\t\t\t\t<div class=\"elementor-widget-container\">\n\t\t\t\t\t\r\n\t\t\t<div class=\"back-post-grid-elementor\">\r\n\r\n\t\t\t\t<div class=\"row\">\r\n\r\n\t\t\t\t \t    \r\n\t\t                <div class=\"col-lg-4 col-md-12\">\r\n\r\n                            <div class=\"back-post-elementor-wrap back-post-default\">\r\n\r\n                                \r\n                                    <div class=\"back-post-image\">                                        \r\n\r\n                                            \r\n                                                    <a href=\"https:\/\/ivoirebatiroute.pds-staging.fr\/index.php\/2024\/02\/10\/terrain-viabilise-verification\/\"><img decoding=\"async\" src=\"https:\/\/ivoirebatiroute.pds-staging.fr\/wp-content\/uploads\/2026\/02\/post1.jpg\" alt=\"Terrain viabilis\u00e9 : les v\u00e9rifications indispensables avant achat en C\u00f4te d\u2019Ivoire\">\r\n\r\n                                                    <\/a>\r\n\r\n                                                                                            \r\n\r\n                                        \r\n                                            <div class=\"back-post-date\">              \r\n\r\n                                                10 F\u00e9v 2024\r\n                                            <\/div>\r\n\r\n                                        \r\n                                    <\/div>                           \r\n\r\n                                \r\n                                <div class=\"back-post-content-wrap\">                                  \r\n\r\n                                    \r\n                                    <h3>\r\n\r\n                                        <a href=\"https:\/\/ivoirebatiroute.pds-staging.fr\/index.php\/2024\/02\/10\/terrain-viabilise-verification\/\">Terrain viabilis\u00e9 : les v\u00e9rifications indispensables avant achat en C\u00f4te d\u2019Ivoire<\/a>\r\n\r\n                                    <\/h3>\r\n\r\n\r\n\r\n                                    \r\n\r\n\r\n                                    \r\n\r\n\r\n                                        \r\n                                            <div class=\"blog-btn-part\">                                                \r\n\r\n                                                <a class=\"blog-btn\" href=\"https:\/\/ivoirebatiroute.pds-staging.fr\/index.php\/2024\/02\/10\/terrain-viabilise-verification\/\">\r\n\r\n                                                    <span class=\"btn-txt\">Lire<\/span>\r\n\r\n                                                    \r\n                                                        <i class=\"ri-arrow-right-up-line\"><\/i> \r\n\r\n                                                    \r\n                                                <\/a>\r\n\r\n                                            <\/div>\r\n\r\n                                        \r\n                                    \r\n                                   \r\n\r\n\t\t\t\t\t           <\/div>\r\n\r\n                            <\/div>\r\n\r\n                        <\/div>\r\n\r\n\t\t\t\t\t\t\r\n\t\t                <div class=\"col-lg-4 col-md-12\">\r\n\r\n                            <div class=\"back-post-elementor-wrap back-post-default\">\r\n\r\n                                \r\n                                    <div class=\"back-post-image\">                                        \r\n\r\n                                            \r\n                                                    <a href=\"https:\/\/ivoirebatiroute.pds-staging.fr\/index.php\/2024\/01\/19\/vrd-cles-viabiliser-terrain-cote-divoire\/\"><img decoding=\"async\" src=\"https:\/\/ivoirebatiroute.pds-staging.fr\/wp-content\/uploads\/2026\/02\/main_pc.png\" alt=\"VRD : les \u00e9tapes cl\u00e9s pour viabiliser un terrain en C\u00f4te d\u2019Ivoire\">\r\n\r\n                                                    <\/a>\r\n\r\n                                                                                            \r\n\r\n                                        \r\n                                            <div class=\"back-post-date\">              \r\n\r\n                                                19 Jan 2024\r\n                                            <\/div>\r\n\r\n                                        \r\n                                    <\/div>                           \r\n\r\n                                \r\n                                <div class=\"back-post-content-wrap\">                                  \r\n\r\n                                    \r\n                                    <h3>\r\n\r\n                                        <a href=\"https:\/\/ivoirebatiroute.pds-staging.fr\/index.php\/2024\/01\/19\/vrd-cles-viabiliser-terrain-cote-divoire\/\">VRD : les \u00e9tapes cl\u00e9s pour viabiliser un terrain en C\u00f4te d\u2019Ivoire<\/a>\r\n\r\n                                    <\/h3>\r\n\r\n\r\n\r\n                                    \r\n\r\n\r\n                                    \r\n\r\n\r\n                                        \r\n                                            <div class=\"blog-btn-part\">                                                \r\n\r\n                                                <a class=\"blog-btn\" href=\"https:\/\/ivoirebatiroute.pds-staging.fr\/index.php\/2024\/01\/19\/vrd-cles-viabiliser-terrain-cote-divoire\/\">\r\n\r\n                                                    <span class=\"btn-txt\">Lire<\/span>\r\n\r\n                                                    \r\n                                                        <i class=\"ri-arrow-right-up-line\"><\/i> \r\n\r\n                                                    \r\n                                                <\/a>\r\n\r\n                                            <\/div>\r\n\r\n                                        \r\n                                    \r\n                                   \r\n\r\n\t\t\t\t\t           <\/div>\r\n\r\n                            <\/div>\r\n\r\n                        <\/div>\r\n\r\n\t\t\t\t\t\t\r\n\t\t                <div class=\"col-lg-4 col-md-12\">\r\n\r\n                            <div class=\"back-post-elementor-wrap back-post-default\">\r\n\r\n                                \r\n                                    <div class=\"back-post-image\">                                        \r\n\r\n                                            \r\n                                                    <a href=\"https:\/\/ivoirebatiroute.pds-staging.fr\/index.php\/2024\/01\/19\/route-assainissement-erreur-frequentes\/\"><img decoding=\"async\" src=\"https:\/\/ivoirebatiroute.pds-staging.fr\/wp-content\/uploads\/2024\/01\/route_terre_rouge.jpg\" alt=\"Routes &amp; assainissement : 6 erreurs fr\u00e9quentes \u00e0 \u00e9viter en C\u00f4te d\u2019Ivoire\">\r\n\r\n                                                    <\/a>\r\n\r\n                                                                                            \r\n\r\n                                        \r\n                                            <div class=\"back-post-date\">              \r\n\r\n                                                19 Jan 2024\r\n                                            <\/div>\r\n\r\n                                        \r\n                                    <\/div>                           \r\n\r\n                                \r\n                                <div class=\"back-post-content-wrap\">                                  \r\n\r\n                                    \r\n                                    <h3>\r\n\r\n                                        <a href=\"https:\/\/ivoirebatiroute.pds-staging.fr\/index.php\/2024\/01\/19\/route-assainissement-erreur-frequentes\/\">Routes &amp; assainissement : 6 erreurs fr\u00e9quentes \u00e0 \u00e9viter en C\u00f4te d\u2019Ivoire<\/a>\r\n\r\n                                    <\/h3>\r\n\r\n\r\n\r\n                                    \r\n\r\n\r\n                                    \r\n\r\n\r\n                                        \r\n                                            <div class=\"blog-btn-part\">                                                \r\n\r\n                                                <a class=\"blog-btn\" href=\"https:\/\/ivoirebatiroute.pds-staging.fr\/index.php\/2024\/01\/19\/route-assainissement-erreur-frequentes\/\">\r\n\r\n                                                    <span class=\"btn-txt\">Lire<\/span>\r\n\r\n                                                    \r\n                                                        <i class=\"ri-arrow-right-up-line\"><\/i> \r\n\r\n                                                    \r\n                                                <\/a>\r\n\r\n                                            <\/div>\r\n\r\n                                        \r\n                                    \r\n                                   \r\n\r\n\t\t\t\t\t           <\/div>\r\n\r\n                            <\/div>\r\n\r\n                        <\/div>\r\n\r\n\t\t\t\t\t\t\r\n\t\t\t\t    <\/div>\r\n\r\n                <\/div>\r\n\r\n\r\n\r\n\t\t\t\t\r\n        \t\t\t\t<\/div>\n\t\t\t\t<\/div>\n\t\t\t\t\t<\/div>\n\t\t\t\t<\/div>\n\t\t<div class=\"elementor-element elementor-element-e0ef759 e-con-full e-flex back-default-class e-con e-parent\" data-id=\"e0ef759\" data-element_type=\"container\" data-e-type=\"container\" data-settings=\"{&quot;background_background&quot;:&quot;classic&quot;}\">\n\t\t\t\t<div class=\"elementor-element elementor-element-5dacf73 home-img back-default-class elementor-widget elementor-widget-heading\" data-id=\"5dacf73\" data-element_type=\"widget\" data-e-type=\"widget\" data-widget_type=\"heading.default\">\n\t\t\t\t\t<h2 class=\"elementor-heading-title elementor-size-default\">Transformons votre projet\nen ouvrage concret.\u200b<\/h2>\t\t\t\t<\/div>\n\t\t\t\t<div class=\"elementor-element elementor-element-98f7e24 back-default-class elementor-widget elementor-widget-back-button\" data-id=\"98f7e24\" data-element_type=\"widget\" data-e-type=\"widget\" data-widget_type=\"back-button.default\">\n\t\t\t\t<div class=\"elementor-widget-container\">\n\t\t\t\t\t\t\r\r\n\t\t\r\n\t\t\t<div class=\"back-elementor-btn-wrap\">\r\r\n\t\t\r\n\t\t\t<a class=\"back-elementor-btn \" href=\"\/#contact\" > Nous contacter <i class=\"ri-arrow-right-up-line\"><\/i> <\/a>\r\r\n\t\t<\/div>   \r\r\n\t\t\t\t\t<\/div>\n\t\t\t\t<\/div>\n\t\t\t\t<\/div>\n\t\t\t\t<\/div>\n\t\t","protected":false},"excerpt":{"rendered":"<p>10 F\u00e9v 2024 Terrain viabilis\u00e9 : les v\u00e9rifications indispensables avant achat en C\u00f4te d\u2019Ivoire Lire 19 Jan 2024 VRD : les \u00e9tapes cl\u00e9s pour viabiliser un terrain en C\u00f4te d\u2019Ivoire Lire 19 Jan 2024 Routes &amp; assainissement : 6 erreurs fr\u00e9quentes \u00e0 \u00e9viter en C\u00f4te d\u2019Ivoire Lire Transformons votre projet en ouvrage concret.\u200b Nous contacter<\/p>\n","protected":false},"author":1,"featured_media":0,"parent":0,"menu_order":0,"comment_status":"closed","ping_status":"closed","template":"elementor_header_footer","meta":{"footnotes":""},"class_list":["post-4847","page","type-page","status-publish","hentry"],"_links":{"self":[{"href":"https:\/\/ivoirebatiroute.pds-staging.fr\/index.php\/wp-json\/wp\/v2\/pages\/4847","targetHints":{"allow":["GET"]}}],"collection":[{"href":"https:\/\/ivoirebatiroute.pds-staging.fr\/index.php\/wp-json\/wp\/v2\/pages"}],"about":[{"href":"https:\/\/ivoirebatiroute.pds-staging.fr\/index.php\/wp-json\/wp\/v2\/types\/page"}],"author":[{"embeddable":true,"href":"https:\/\/ivoirebatiroute.pds-staging.fr\/index.php\/wp-json\/wp\/v2\/users\/1"}],"replies":[{"embeddable":true,"href":"https:\/\/ivoirebatiroute.pds-staging.fr\/index.php\/wp-json\/wp\/v2\/comments?post=4847"}],"version-history":[{"count":6,"href":"https:\/\/ivoirebatiroute.pds-staging.fr\/index.php\/wp-json\/wp\/v2\/pages\/4847\/revisions"}],"predecessor-version":[{"id":5532,"href":"https:\/\/ivoirebatiroute.pds-staging.fr\/index.php\/wp-json\/wp\/v2\/pages\/4847\/revisions\/5532"}],"wp:attachment":[{"href":"https:\/\/ivoirebatiroute.pds-staging.fr\/index.php\/wp-json\/wp\/v2\/media?parent=4847"}],"curies":[{"name":"wp","href":"https:\/\/api.w.org\/{rel}","templated":true}]}}