{"id":22,"date":"2024-01-12T16:44:41","date_gmt":"2024-01-12T16:44:41","guid":{"rendered":"http:\/\/localhost:10016\/?page_id=22"},"modified":"2024-01-12T16:44:41","modified_gmt":"2024-01-12T16:44:41","slug":"contact-us","status":"publish","type":"page","link":"https:\/\/ivoirebatiroute.pds-staging.fr\/index.php\/contact-us\/","title":{"rendered":"Contact Us"},"content":{"rendered":"\t\t<div data-elementor-type=\"wp-page\" data-elementor-id=\"22\" class=\"elementor elementor-22\">\n\t\t\t\t<div class=\"elementor-element elementor-element-18e901e e-con-full back-cons-secondary e-flex e-con e-parent\" data-id=\"18e901e\" data-element_type=\"container\" data-e-type=\"container\" data-settings=\"{&quot;background_background&quot;:&quot;classic&quot;}\">\n\t\t<div class=\"elementor-element elementor-element-66c52b8 e-con-full elementor-hidden-tablet elementor-hidden-mobile e-flex back-default-class e-con e-child\" data-id=\"66c52b8\" data-element_type=\"container\" data-e-type=\"container\" data-settings=\"{&quot;background_background&quot;:&quot;classic&quot;}\">\n\t\t\t\t<\/div>\n\t\t<div class=\"elementor-element elementor-element-7cfeba0 e-con-full e-flex back-default-class e-con e-child\" data-id=\"7cfeba0\" data-element_type=\"container\" data-e-type=\"container\">\n\t\t\t\t<div class=\"elementor-element elementor-element-1376121 back-default-class elementor-widget elementor-widget-back-core-heading\" data-id=\"1376121\" data-element_type=\"widget\" data-e-type=\"widget\" data-widget_type=\"back-core-heading.default\">\n\t\t\t\t<div class=\"elementor-widget-container\">\n\t\t\t\t\t\r\n        <div class=\"back-elementor-heading back-elementor-heading-default\">\r\r\n\t        \r\n\t\t\t<h2 class=\"title\">We Are Build Strong Building IN Town<\/h2>\r\n        <\/div>\r\r\n\r\r\n        \t\t\t\t<\/div>\n\t\t\t\t<\/div>\n\t\t\t\t<div class=\"elementor-element elementor-element-a805898 back-default-class elementor-widget elementor-widget-text-editor\" data-id=\"a805898\" data-element_type=\"widget\" data-e-type=\"widget\" data-widget_type=\"text-editor.default\">\n\t\t\t\t\t\t\t\t\t<div>Promote your blog posts, case udie, and product<br> ouncems with the the branded.<\/div>\t\t\t\t\t\t\t\t<\/div>\n\t\t\t\t<div class=\"elementor-element elementor-element-8c69ec6 back-default-class elementor-widget elementor-widget-back-cf7\" data-id=\"8c69ec6\" data-element_type=\"widget\" data-e-type=\"widget\" data-widget_type=\"back-cf7.default\">\n\t\t\t\t<div class=\"elementor-widget-container\">\n\t\t\t\t\t\n<div class=\"wpcf7 no-js\" id=\"wpcf7-f6-o1\" lang=\"en-US\" dir=\"ltr\" data-wpcf7-id=\"6\">\n<div class=\"screen-reader-response\"><p role=\"status\" aria-live=\"polite\" aria-atomic=\"true\"><\/p> <ul><\/ul><\/div>\n<form action=\"\/index.php\/wp-json\/wp\/v2\/pages\/22#wpcf7-f6-o1\" method=\"post\" class=\"wpcf7-form init\" aria-label=\"Contact form\" novalidate=\"novalidate\" data-status=\"init\">\n<fieldset class=\"hidden-fields-container\"><input type=\"hidden\" name=\"_wpcf7\" value=\"6\" \/><input type=\"hidden\" name=\"_wpcf7_version\" value=\"6.1.5\" \/><input type=\"hidden\" name=\"_wpcf7_locale\" value=\"en_US\" \/><input type=\"hidden\" name=\"_wpcf7_unit_tag\" value=\"wpcf7-f6-o1\" \/><input type=\"hidden\" name=\"_wpcf7_container_post\" value=\"0\" \/><input type=\"hidden\" name=\"_wpcf7_posted_data_hash\" value=\"\" \/>\n<\/fieldset>\n<div class=\"row\">\n\t<div class=\"col-lg-6\">\n\t\t<p><span class=\"wpcf7-form-control-wrap\" data-name=\"your-name\"><input size=\"40\" maxlength=\"400\" class=\"wpcf7-form-control wpcf7-text wpcf7-validates-as-required\" aria-required=\"true\" aria-invalid=\"false\" placeholder=\"Nom &amp; Pr\u00e9nom\" value=\"\" type=\"text\" name=\"your-name\" \/><\/span>\n\t\t<\/p>\n\t<\/div>\n\t<div class=\"col-lg-6\">\n\t\t<p><span class=\"wpcf7-form-control-wrap\" data-name=\"your-email\"><input size=\"40\" maxlength=\"400\" class=\"wpcf7-form-control wpcf7-email wpcf7-validates-as-required wpcf7-text wpcf7-validates-as-email\" aria-required=\"true\" aria-invalid=\"false\" placeholder=\"Email\" value=\"\" type=\"email\" name=\"your-email\" \/><\/span>\n\t\t<\/p>\n\t<\/div>\n\t<div class=\"col-lg-6\">\n\t\t<p><span class=\"wpcf7-form-control-wrap\" data-name=\"your-subject\"><input size=\"40\" maxlength=\"400\" class=\"wpcf7-form-control wpcf7-text wpcf7-validates-as-required\" aria-required=\"true\" aria-invalid=\"false\" placeholder=\"Sujet\" value=\"\" type=\"text\" name=\"your-subject\" \/><\/span>\n\t\t<\/p>\n\t<\/div>\n\t<div class=\"col-lg-6\">\n\t\t<p><span class=\"wpcf7-form-control-wrap\" data-name=\"phone\"><input size=\"40\" maxlength=\"400\" class=\"wpcf7-form-control wpcf7-text\" aria-invalid=\"false\" placeholder=\"Num\u00e9ro de t\u00e9l\u00e9phone\" value=\"\" type=\"text\" name=\"phone\" \/><\/span>\n\t\t<\/p>\n\t<\/div>\n\t<div class=\"col-lg-12\">\n\t\t<p><span class=\"wpcf7-form-control-wrap\" data-name=\"your-message\"><textarea cols=\"40\" rows=\"10\" maxlength=\"2000\" class=\"wpcf7-form-control wpcf7-textarea\" aria-invalid=\"false\" placeholder=\"Message\" name=\"your-message\"><\/textarea><\/span>\n\t\t<\/p>\n\t<\/div>\n\t<div class=\"col-lg-12\">\n\t\t<div class=\"back-submit-btn\">\n\t\t\t<p><input class=\"wpcf7-form-control wpcf7-submit has-spinner\" type=\"submit\" value=\"Envoyer\" \/>\n\t\t\t<\/p>\n\t\t<\/div>\n\t<\/div>\n<\/div><div class=\"wpcf7-response-output\" aria-hidden=\"true\"><\/div>\n<\/form>\n<\/div>\n\t\t\t\t<\/div>\n\t\t\t\t<\/div>\n\t\t\t\t<\/div>\n\t\t<div class=\"elementor-element elementor-element-85074b4 e-con-full e-flex back-default-class e-con e-child\" data-id=\"85074b4\" data-element_type=\"container\" data-e-type=\"container\" data-settings=\"{&quot;background_background&quot;:&quot;classic&quot;}\">\n\t\t<div class=\"elementor-element elementor-element-5539f2b e-con-full back-cons-primary e-flex e-con e-child\" data-id=\"5539f2b\" data-element_type=\"container\" data-e-type=\"container\">\n\t\t\t\t<div class=\"elementor-element elementor-element-d2127e0 back-default-class elementor-widget elementor-widget-back-contact-info\" data-id=\"d2127e0\" data-element_type=\"widget\" data-e-type=\"widget\" data-widget_type=\"back-contact-info.default\">\n\t\t\t\t<div class=\"elementor-widget-container\">\n\t\t\t\t\t\r\n\t\t\r\r\n\r\r\n\t\t<!-- Style 1 Start -->\r\r\n\t\t<div class=\"back-contact-info\">\r\r\n\t\t\r\n\t\t\t\t<div class=\"back-info--item\">\r\r\n\t\t\t\t\t\r\n\t\t            <div class=\"back-info-icon\">\r\r\n\t\t            \t\r\n\t\t            <\/div>\r\r\n\t\t            \r\n\t\t            <div class=\"back-info-text\">\r\r\n\t\t            \t\r\n\r\r\n\r\r\n\t\t            \t\r\n\t\t\t            \t<div class=\"text\">\r\r\n\t\t\t            \t\t\r\n\t\t\t            \t\t <strong>Call us 24\/7<\/strong>\r\r\n\t\t\t            \t\t\r\n\t\t\t\t\t                <div class=\"back-location\">\r\r\n\t\t\t\t\t                <a href=\"tel:+(+00) 123 456 789 99\">(+00) 123 456 789 99<\/a>\r\r\n\t\t\t\t\t            <\/div>\r\r\n\t\t\t\t            <\/div>\r\r\n\t\t\t       \t\t\r\n\r\r\n\r\r\n\t\t            \t\r\n\t\t            <\/div>\r\r\n\t\t        <\/div>\r\r\n\t\t\t\r\n\t\t\t\t<div class=\"back-info--item\">\r\r\n\t\t\t\t\t\r\n\t\t            <div class=\"back-info-icon\">\r\r\n\t\t            \t\r\n\t\t            <\/div>\r\r\n\t\t            \r\n\t\t            <div class=\"back-info-text\">\r\r\n\t\t            \t\r\n\r\r\n\r\r\n\t\t            \t\r\n\r\r\n\r\r\n\t\t            \t\r\n\t\t\t            \t<div class=\"text\">\r\r\n\t\t\t            \t\t\r\n\t\t\t            \t\t <strong>Email Us <\/strong>\r\r\n\t\t\t            \t\t\r\n\t\t\t            \t\t<div class=\"back-location\">\r\r\n\t\t\t\t\t                <a href=\"mailto:info@yourmail.com\">info@yourmail.com<\/a>\r\r\n\t\t\t\t\t            <\/div>\r\r\n\t\t\t\t            <\/div>\r\r\n\t\t\t       \t\t\r\n\t\t            <\/div>\r\r\n\t\t        <\/div>\r\r\n\t\t\t\r\n\t\t\t\t<div class=\"back-info--item\">\r\r\n\t\t\t\t\t\r\n\t\t            <div class=\"back-info-icon\">\r\r\n\t\t            \t\r\n\t\t            <\/div>\r\r\n\t\t            \r\n\t\t            <div class=\"back-info-text\">\r\r\n\t\t            \t\r\n\t\t            \t<div class=\"text\">\r\r\n\t\t            \t\t\r\n\t\t            \t\t <strong>location<\/strong>\r\r\n\t\t            \t\t\r\n\t\t            \t\t\r\n\t\t            \t\t<div class=\"back-location\">\r\r\n\t\t\t\t                6391 Elgin Fasti Std. Mlaiasuls 10299\tEl.\r\n\t\t\t\t            <\/div>\r\r\n\t\t\t\t            \r\n\t\t\t            <\/div>\r\r\n\t\t\t       \t\t\r\n\r\r\n\r\r\n\t\t            \t\r\n\r\r\n\r\r\n\t\t            \t\r\n\t\t            <\/div>\r\r\n\t\t        <\/div>\r\r\n\t\t\t\r\n\t\t<\/div>\r\r\n\r\r\n\t<!-- Style 1 End -->\t\r\r\n\t\t\r\r\n\t\t\t\t\t<\/div>\n\t\t\t\t<\/div>\n\t\t\t\t<\/div>\n\t\t<div class=\"elementor-element elementor-element-2014794 e-con-full elementor-hidden-mobile e-flex back-default-class e-con e-child\" data-id=\"2014794\" data-element_type=\"container\" data-e-type=\"container\">\n\t\t\t\t<\/div>\n\t\t\t\t<\/div>\n\t\t\t\t<\/div>\n\t\t<div class=\"elementor-element elementor-element-3b86358 e-con-full e-flex back-default-class e-con e-parent\" data-id=\"3b86358\" data-element_type=\"container\" data-e-type=\"container\">\n\t\t\t\t<div class=\"elementor-element elementor-element-a6adbfa back-default-class elementor-widget elementor-widget-google_maps\" data-id=\"a6adbfa\" data-element_type=\"widget\" data-e-type=\"widget\" data-widget_type=\"google_maps.default\">\n\t\t\t\t\t\t\t<div class=\"elementor-custom-embed\">\n\t\t\t<iframe loading=\"lazy\"\n\t\t\t\t\tsrc=\"https:\/\/maps.google.com\/maps?q=London%20Eye%2C%20London%2C%20United%20Kingdom&#038;t=m&#038;z=17&#038;output=embed&#038;iwloc=near\"\n\t\t\t\t\ttitle=\"London Eye, London, United Kingdom\"\n\t\t\t\t\taria-label=\"London Eye, London, United Kingdom\"\n\t\t\t><\/iframe>\n\t\t<\/div>\n\t\t\t\t\t\t<\/div>\n\t\t\t\t<\/div>\n\t\t\t\t<\/div>\n\t\t","protected":false},"excerpt":{"rendered":"<p>We Are Build Strong Building IN Town Promote your blog posts, case udie, and product ouncems with the the branded. Call us 24\/7 (+00) 123 456 789 99 Email Us info@yourmail.com location 6391 Elgin Fasti Std. Mlaiasuls 10299 El.<\/p>\n","protected":false},"author":1,"featured_media":0,"parent":0,"menu_order":0,"comment_status":"closed","ping_status":"closed","template":"elementor_header_footer","meta":{"footnotes":""},"class_list":["post-22","page","type-page","status-publish","hentry"],"_links":{"self":[{"href":"https:\/\/ivoirebatiroute.pds-staging.fr\/index.php\/wp-json\/wp\/v2\/pages\/22","targetHints":{"allow":["GET"]}}],"collection":[{"href":"https:\/\/ivoirebatiroute.pds-staging.fr\/index.php\/wp-json\/wp\/v2\/pages"}],"about":[{"href":"https:\/\/ivoirebatiroute.pds-staging.fr\/index.php\/wp-json\/wp\/v2\/types\/page"}],"author":[{"embeddable":true,"href":"https:\/\/ivoirebatiroute.pds-staging.fr\/index.php\/wp-json\/wp\/v2\/users\/1"}],"replies":[{"embeddable":true,"href":"https:\/\/ivoirebatiroute.pds-staging.fr\/index.php\/wp-json\/wp\/v2\/comments?post=22"}],"version-history":[{"count":0,"href":"https:\/\/ivoirebatiroute.pds-staging.fr\/index.php\/wp-json\/wp\/v2\/pages\/22\/revisions"}],"wp:attachment":[{"href":"https:\/\/ivoirebatiroute.pds-staging.fr\/index.php\/wp-json\/wp\/v2\/media?parent=22"}],"curies":[{"name":"wp","href":"https:\/\/api.w.org\/{rel}","templated":true}]}}