{"id":20,"date":"2024-01-12T16:42:26","date_gmt":"2024-01-12T16:42:26","guid":{"rendered":"http:\/\/localhost:10016\/?page_id=20"},"modified":"2026-02-23T12:03:10","modified_gmt":"2026-02-23T12:03:10","slug":"portfolio","status":"publish","type":"page","link":"https:\/\/ivoirebatiroute.pds-staging.fr\/index.php\/portfolio\/","title":{"rendered":"Portfolios"},"content":{"rendered":"\t\t<div data-elementor-type=\"wp-page\" data-elementor-id=\"20\" class=\"elementor elementor-20\">\n\t\t\t\t<div class=\"elementor-element elementor-element-60bd0c8 e-flex e-con-boxed back-default-class e-con e-parent\" data-id=\"60bd0c8\" data-element_type=\"container\" data-e-type=\"container\">\n\t\t\t\t\t<div class=\"e-con-inner\">\n\t\t\t\t<div class=\"elementor-element elementor-element-60c4366 back-default-class elementor-widget elementor-widget-backportfolio\" data-id=\"60c4366\" data-element_type=\"widget\" data-e-type=\"widget\" data-widget_type=\"backportfolio.default\">\n\t\t\t\t<div class=\"elementor-widget-container\">\n\t\t\t\t\t\n\t\t<div class=\"back-portfolio back-case-studies back-case-port-filter back-portfolio-style1\" data-perload=\"6\" data-paged=\"1 \">\t\n\t\t\t<div class=\"back-post-wrap\">\t\n\t\t\t\t\t\t\t\t<div id=\"back-posts\" class=\"back-posts row\">\t\t\t\t\n\t\t\t\t\t\t\r\r\n\t<div class=\"col-lg-4 col-md-6\">\r\r\n\t    <div class=\"back-project-item\">        \r\r\n    \t    <img decoding=\"async\" src=\"https:\/\/ivoirebatiroute.pds-staging.fr\/wp-content\/uploads\/2024\/01\/attingue_ibr.jpg\" alt=\"Concession fonci\u00e8re \u00e0 Attingui\u00e9 (Anyama) \u2013 1 991,265 m\u00b2\">\r\n\t        <div class=\"back-protfolio-content\">\r\r\n\t            <span class=\"back-portfolio-category\">  <a href=\"https:\/\/ivoirebatiroute.pds-staging.fr\/index.php\/portfolio-category\/foncier\/\" rel=\"tag\">Foncier<\/a> <\/span>\r\r\n\t            <h3 class=\"back-protfolio-title\"> <a href=\"https:\/\/ivoirebatiroute.pds-staging.fr\/index.php\/portfolios\/attinguie-concession\/\">Concession fonci\u00e8re \u00e0 Attingui\u00e9 (Anyama) \u2013 1 991,265 m\u00b2<\/a> <\/h3>\r\r\n\t            <a href=\"https:\/\/ivoirebatiroute.pds-staging.fr\/index.php\/portfolios\/attinguie-concession\/\"><i class=\"ri-add-line\"><\/i><\/a>\r\r\n\t        <\/div>\r\r\n\t    <\/div>\r\r\n    <\/div>   \r\r\n\t\t\r\r\n\t<div class=\"col-lg-4 col-md-6\">\r\r\n\t    <div class=\"back-project-item\">        \r\r\n    \t    <img decoding=\"async\" src=\"https:\/\/ivoirebatiroute.pds-staging.fr\/wp-content\/uploads\/2026\/02\/ayame_machine_redit.jpg\" alt=\"Rechargement des rues \u00e0 Ayam\u00e9 (5 km)\">\r\n\t        <div class=\"back-protfolio-content\">\r\r\n\t            <span class=\"back-portfolio-category\">  <a href=\"https:\/\/ivoirebatiroute.pds-staging.fr\/index.php\/portfolio-category\/infrastructure-routiere-voirie-urbaine\/\" rel=\"tag\">Infrastructures routi\u00e8res \u2013 Voirie urbaine<\/a> <\/span>\r\r\n\t            <h3 class=\"back-protfolio-title\"> <a href=\"https:\/\/ivoirebatiroute.pds-staging.fr\/index.php\/portfolios\/rue-ayame\/\">Rechargement des rues \u00e0 Ayam\u00e9 (5 km)<\/a> <\/h3>\r\r\n\t            <a href=\"https:\/\/ivoirebatiroute.pds-staging.fr\/index.php\/portfolios\/rue-ayame\/\"><i class=\"ri-add-line\"><\/i><\/a>\r\r\n\t        <\/div>\r\r\n\t    <\/div>\r\r\n    <\/div>   \r\r\n\t\t\r\r\n\t<div class=\"col-lg-4 col-md-6\">\r\r\n\t    <div class=\"back-project-item\">        \r\r\n    \t    <img decoding=\"async\" src=\"https:\/\/ivoirebatiroute.pds-staging.fr\/wp-content\/uploads\/2024\/02\/tonpki.jpg\" alt=\"Reprofilage lourd &#038; traitement de points critiques (Tonkpi \u2013 25 km)\">\r\n\t        <div class=\"back-protfolio-content\">\r\r\n\t            <span class=\"back-portfolio-category\">  <a href=\"https:\/\/ivoirebatiroute.pds-staging.fr\/index.php\/portfolio-category\/infrastructure-routiere-voirie-urbaine\/\" rel=\"tag\">Infrastructures routi\u00e8res \u2013 Voirie urbaine<\/a> <\/span>\r\r\n\t            <h3 class=\"back-protfolio-title\"> <a href=\"https:\/\/ivoirebatiroute.pds-staging.fr\/index.php\/portfolios\/reprofilage-tonkpi\/\">Reprofilage lourd &#038; traitement de points critiques (Tonkpi \u2013 25 km)<\/a> <\/h3>\r\r\n\t            <a href=\"https:\/\/ivoirebatiroute.pds-staging.fr\/index.php\/portfolios\/reprofilage-tonkpi\/\"><i class=\"ri-add-line\"><\/i><\/a>\r\r\n\t        <\/div>\r\r\n\t    <\/div>\r\r\n    <\/div>   \r\r\n\t\t\r\r\n\t<div class=\"col-lg-4 col-md-6\">\r\r\n\t    <div class=\"back-project-item\">        \r\r\n    \t    <img decoding=\"async\" src=\"https:\/\/ivoirebatiroute.pds-staging.fr\/wp-content\/uploads\/2026\/02\/bonoua_ibr_redit.jpg\" alt=\"Lotissement approuv\u00e9 \u00e0 Bonoua (48 ha)\">\r\n\t        <div class=\"back-protfolio-content\">\r\r\n\t            <span class=\"back-portfolio-category\">  <a href=\"https:\/\/ivoirebatiroute.pds-staging.fr\/index.php\/portfolio-category\/amenagement-foncier\/\" rel=\"tag\">Am\u00e9nagement foncier<\/a> <\/span>\r\r\n\t            <h3 class=\"back-protfolio-title\"> <a href=\"https:\/\/ivoirebatiroute.pds-staging.fr\/index.php\/portfolios\/lotissement-bonoua\/\">Lotissement approuv\u00e9 \u00e0 Bonoua (48 ha)<\/a> <\/h3>\r\r\n\t            <a href=\"https:\/\/ivoirebatiroute.pds-staging.fr\/index.php\/portfolios\/lotissement-bonoua\/\"><i class=\"ri-add-line\"><\/i><\/a>\r\r\n\t        <\/div>\r\r\n\t    <\/div>\r\r\n    <\/div>   \r\r\n\t\t\r\r\n\t<div class=\"col-lg-4 col-md-6\">\r\r\n\t    <div class=\"back-project-item\">        \r\r\n    \t    <img decoding=\"async\" src=\"https:\/\/ivoirebatiroute.pds-staging.fr\/wp-content\/uploads\/2026\/02\/bassam_cite_paix_redit.jpg\" alt=\"Construction de 60 b\u00e2timents \u2013 Route de Bassam\">\r\n\t        <div class=\"back-protfolio-content\">\r\r\n\t            <span class=\"back-portfolio-category\">  <a href=\"https:\/\/ivoirebatiroute.pds-staging.fr\/index.php\/portfolio-category\/batiment\/\" rel=\"tag\">B\u00e2timent<\/a> <\/span>\r\r\n\t            <h3 class=\"back-protfolio-title\"> <a href=\"https:\/\/ivoirebatiroute.pds-staging.fr\/index.php\/portfolios\/route-bassam\/\">Construction de 60 b\u00e2timents \u2013 Route de Bassam<\/a> <\/h3>\r\r\n\t            <a href=\"https:\/\/ivoirebatiroute.pds-staging.fr\/index.php\/portfolios\/route-bassam\/\"><i class=\"ri-add-line\"><\/i><\/a>\r\r\n\t        <\/div>\r\r\n\t    <\/div>\r\r\n    <\/div>   \r\r\n\t\t\r\r\n\t<div class=\"col-lg-4 col-md-6\">\r\r\n\t    <div class=\"back-project-item\">        \r\r\n    \t    <img decoding=\"async\" src=\"https:\/\/ivoirebatiroute.pds-staging.fr\/wp-content\/uploads\/2026\/02\/cite_paix_bassam_redit.jpg\" alt=\"Lotissement \u201cLa Cit\u00e9 de la Paix\u201d \u2013 Route de Bassam\">\r\n\t        <div class=\"back-protfolio-content\">\r\r\n\t            <span class=\"back-portfolio-category\">  <a href=\"https:\/\/ivoirebatiroute.pds-staging.fr\/index.php\/portfolio-category\/amenagement-foncier\/\" rel=\"tag\">Am\u00e9nagement foncier<\/a><span class=\"separator\">,<\/span> <a href=\"https:\/\/ivoirebatiroute.pds-staging.fr\/index.php\/portfolio-category\/lotissement\/\" rel=\"tag\">Lotissement<\/a> <\/span>\r\r\n\t            <h3 class=\"back-protfolio-title\"> <a href=\"https:\/\/ivoirebatiroute.pds-staging.fr\/index.php\/portfolios\/cite-paix-bassam\/\">Lotissement \u201cLa Cit\u00e9 de la Paix\u201d \u2013 Route de Bassam<\/a> <\/h3>\r\r\n\t            <a href=\"https:\/\/ivoirebatiroute.pds-staging.fr\/index.php\/portfolios\/cite-paix-bassam\/\"><i class=\"ri-add-line\"><\/i><\/a>\r\r\n\t        <\/div>\r\r\n\t    <\/div>\r\r\n    <\/div>   \r\r\n\t\t\t\t\t<\/div>\n\n\t\t\t\t\t\t\t\t\t<a class=\"back-load-more back-load-more-design\" data-page=\"2\" data-cate=\"amenagement-foncier, batiment, foncier, infrastructure-routiere-voirie-urbaine, lotissement\" data-layout=\"1\" data-column=\"4\" data-thumbnail=\"large\" data-orderby=\"date\" data-sort=\"DESC\"> \n\t\t\t\t\t\tVoir Plus <i class=\"ri-loop-right-line\"><\/i><\/a>\n\t\t\t\t\t\t\t<\/div>\n\t\t<\/div>\n\t\t\t\t\t<\/div>\n\t\t\t\t<\/div>\n\t\t\t\t\t<\/div>\n\t\t\t\t<\/div>\n\t\t<div class=\"elementor-element elementor-element-0587274 e-con-full e-flex back-default-class e-con e-parent\" data-id=\"0587274\" data-element_type=\"container\" data-e-type=\"container\" data-settings=\"{&quot;background_background&quot;:&quot;classic&quot;}\">\n\t\t\t\t<div class=\"elementor-element elementor-element-0510037 home-img back-default-class elementor-widget elementor-widget-heading\" data-id=\"0510037\" data-element_type=\"widget\" data-e-type=\"widget\" data-widget_type=\"heading.default\">\n\t\t\t\t\t<h2 class=\"elementor-heading-title elementor-size-default\">Transformons votre projet\nen ouvrage concret.\u200b<\/h2>\t\t\t\t<\/div>\n\t\t\t\t<div class=\"elementor-element elementor-element-3408d06 back-default-class elementor-widget elementor-widget-back-button\" data-id=\"3408d06\" data-element_type=\"widget\" data-e-type=\"widget\" data-widget_type=\"back-button.default\">\n\t\t\t\t<div class=\"elementor-widget-container\">\n\t\t\t\t\t\t\r\r\n\t\t\r\n\t\t\t<div class=\"back-elementor-btn-wrap\">\r\r\n\t\t\r\n\t\t\t<a class=\"back-elementor-btn \" href=\"\/#contact\" > Nous contacter <i class=\"ri-arrow-right-up-line\"><\/i> <\/a>\r\r\n\t\t<\/div>   \r\r\n\t\t\t\t\t<\/div>\n\t\t\t\t<\/div>\n\t\t\t\t<\/div>\n\t\t\t\t<\/div>\n\t\t","protected":false},"excerpt":{"rendered":"<p>Foncier Concession fonci\u00e8re \u00e0 Attingui\u00e9 (Anyama) \u2013 1 991,265 m\u00b2 Infrastructures routi\u00e8res \u2013 Voirie urbaine Rechargement des rues \u00e0 Ayam\u00e9 (5 km) Infrastructures routi\u00e8res \u2013 Voirie urbaine Reprofilage lourd &#038; traitement de points critiques (Tonkpi \u2013 25 km) Am\u00e9nagement foncier Lotissement approuv\u00e9 \u00e0 Bonoua (48 ha) B\u00e2timent Construction de 60 b\u00e2timents \u2013 Route de Bassam&#8230;<\/p>\n","protected":false},"author":1,"featured_media":0,"parent":0,"menu_order":0,"comment_status":"closed","ping_status":"closed","template":"elementor_header_footer","meta":{"footnotes":""},"class_list":["post-20","page","type-page","status-publish","hentry"],"_links":{"self":[{"href":"https:\/\/ivoirebatiroute.pds-staging.fr\/index.php\/wp-json\/wp\/v2\/pages\/20","targetHints":{"allow":["GET"]}}],"collection":[{"href":"https:\/\/ivoirebatiroute.pds-staging.fr\/index.php\/wp-json\/wp\/v2\/pages"}],"about":[{"href":"https:\/\/ivoirebatiroute.pds-staging.fr\/index.php\/wp-json\/wp\/v2\/types\/page"}],"author":[{"embeddable":true,"href":"https:\/\/ivoirebatiroute.pds-staging.fr\/index.php\/wp-json\/wp\/v2\/users\/1"}],"replies":[{"embeddable":true,"href":"https:\/\/ivoirebatiroute.pds-staging.fr\/index.php\/wp-json\/wp\/v2\/comments?post=20"}],"version-history":[{"count":3,"href":"https:\/\/ivoirebatiroute.pds-staging.fr\/index.php\/wp-json\/wp\/v2\/pages\/20\/revisions"}],"predecessor-version":[{"id":5574,"href":"https:\/\/ivoirebatiroute.pds-staging.fr\/index.php\/wp-json\/wp\/v2\/pages\/20\/revisions\/5574"}],"wp:attachment":[{"href":"https:\/\/ivoirebatiroute.pds-staging.fr\/index.php\/wp-json\/wp\/v2\/media?parent=20"}],"curies":[{"name":"wp","href":"https:\/\/api.w.org\/{rel}","templated":true}]}}