{"id":1396,"date":"2024-02-03T12:21:13","date_gmt":"2024-02-03T12:21:13","guid":{"rendered":"http:\/\/localhost:10016\/?page_id=1396"},"modified":"2024-02-03T12:21:13","modified_gmt":"2024-02-03T12:21:13","slug":"portfolio-list-06","status":"publish","type":"page","link":"https:\/\/ivoirebatiroute.pds-staging.fr\/index.php\/portfolio-list-06\/","title":{"rendered":"Portfolio List 06"},"content":{"rendered":"\t\t<div data-elementor-type=\"wp-page\" data-elementor-id=\"1396\" class=\"elementor elementor-1396\">\n\t\t\t\t<div class=\"elementor-element elementor-element-eef590a e-flex e-con-boxed back-default-class e-con e-parent\" data-id=\"eef590a\" data-element_type=\"container\" data-e-type=\"container\">\n\t\t\t\t\t<div class=\"e-con-inner\">\n\t\t\t\t<div class=\"elementor-element elementor-element-1e7b655 back-default-class elementor-widget elementor-widget-back-portfolio-list\" data-id=\"1e7b655\" data-element_type=\"widget\" data-e-type=\"widget\" data-widget_type=\"back-portfolio-list.default\">\n\t\t\t\t<div class=\"elementor-widget-container\">\n\t\t\t\t\t\t \n\n\t\t<div class=\"back-portfolio-list back-portfolio-style6\">\n\t\t\t<div class=\"row\">\n\t\t\t\t\r\r\n\t<ul class=\"col-lg-12\">\r\r\n\t    <li class=\"row align-items-center\">        \r\r\n\t\t    <div class=\"col-lg-9\">\r\r\n\t\t        <div class=\"back-protfolio-content\">\r\r\n\t\t            <span class=\"back-portfolio-category\">  <a href=\"https:\/\/ivoirebatiroute.pds-staging.fr\/index.php\/portfolio-category\/foncier\/\" rel=\"tag\">Foncier<\/a> <\/span>\r\r\n\t\t            <h3 class=\"back-protfolio-title\"> <a href=\"https:\/\/ivoirebatiroute.pds-staging.fr\/index.php\/portfolios\/attinguie-concession\/\">Concession fonci\u00e8re \u00e0 Attingui\u00e9 (Anyama) \u2013 1 991,265 m\u00b2 <\/a> <\/h3>\r\r\n\t\t            <div class=\"back-des\"> \r\r\n\t\t            <p>S\u00e9curisation fonci\u00e8re et pr\u00e9paration de mise en valeur d\u2019une parcelle en concession d\u00e9finitive \u00e0 Attingui\u00e9 (Anyama).<\/p>\n \r\r\n                \t<\/div>\r\r\n\t\t        <\/div>\r\r\n\t\t    <\/div> \r\r\n\t\t    <div class=\"col-lg-3\">\r\r\n\t\t        <div class=\"back-protfolio-content\">\r\r\n\t\t            \r\n                \t\t<a href=\"https:\/\/ivoirebatiroute.pds-staging.fr\/index.php\/portfolios\/attinguie-concession\/\" class=\"back--read-more\"> Read More <\/a>\r\r\n\t                \r\n\t\t        <\/div>\r\r\n\t\t    <\/div>\r\r\n\t        <div class=\"col-lg-12\">    \r\r\n\t    \t    <div class=\"back-port--img\">   \r\r\n    \t    \t    \r\n\t\t\t    \t\t\t<a href=\"https:\/\/ivoirebatiroute.pds-staging.fr\/index.php\/portfolios\/attinguie-concession\/\"> <img fetchpriority=\"high\" decoding=\"async\" width=\"540\" height=\"281\" src=\"https:\/\/ivoirebatiroute.pds-staging.fr\/wp-content\/uploads\/2026\/02\/attingue_ibr_redit.png\" class=\"attachment-full size-full wp-post-image\" alt=\"\" srcset=\"https:\/\/ivoirebatiroute.pds-staging.fr\/wp-content\/uploads\/2026\/02\/attingue_ibr_redit.png 540w, https:\/\/ivoirebatiroute.pds-staging.fr\/wp-content\/uploads\/2026\/02\/attingue_ibr_redit-300x156.png 300w\" sizes=\"(max-width: 540px) 100vw, 540px\" \/> <\/a>\r\r\n\t\t\t    \t\t\r\n\t    \t    <\/div>\r\r\n\t        <\/div>\r\r\n\t\t<\/li>\r\r\n    <\/ul>  \r\r\n\t\t\r\r\n\t<ul class=\"col-lg-12\">\r\r\n\t    <li class=\"row align-items-center\">        \r\r\n\t\t    <div class=\"col-lg-9\">\r\r\n\t\t        <div class=\"back-protfolio-content\">\r\r\n\t\t            <span class=\"back-portfolio-category\">  <a href=\"https:\/\/ivoirebatiroute.pds-staging.fr\/index.php\/portfolio-category\/infrastructure-routiere-voirie-urbaine\/\" rel=\"tag\">Infrastructures routi\u00e8res \u2013 Voirie urbaine<\/a> <\/span>\r\r\n\t\t            <h3 class=\"back-protfolio-title\"> <a href=\"https:\/\/ivoirebatiroute.pds-staging.fr\/index.php\/portfolios\/rue-ayame\/\">Rechargement des rues \u00e0 Ayam\u00e9 (5 km) <\/a> <\/h3>\r\r\n\t\t            <div class=\"back-des\"> \r\r\n\t\t            <p>Specify the estimated start and completion dates for the project. Indicate the size of the project in terms of square footage or any other relevant unit of measurement.<\/p>\n \r\r\n                \t<\/div>\r\r\n\t\t        <\/div>\r\r\n\t\t    <\/div> \r\r\n\t\t    <div class=\"col-lg-3\">\r\r\n\t\t        <div class=\"back-protfolio-content\">\r\r\n\t\t            \r\n                \t\t<a href=\"https:\/\/ivoirebatiroute.pds-staging.fr\/index.php\/portfolios\/rue-ayame\/\" class=\"back--read-more\"> Read More <\/a>\r\r\n\t                \r\n\t\t        <\/div>\r\r\n\t\t    <\/div>\r\r\n\t        <div class=\"col-lg-12\">    \r\r\n\t    \t    <div class=\"back-port--img\">   \r\r\n    \t    \t    \r\n\t\t\t    \t\t\t<a href=\"https:\/\/ivoirebatiroute.pds-staging.fr\/index.php\/portfolios\/rue-ayame\/\"> <img decoding=\"async\" width=\"640\" height=\"478\" src=\"https:\/\/ivoirebatiroute.pds-staging.fr\/wp-content\/uploads\/2026\/02\/ayame_machine.jpg\" class=\"attachment-full size-full wp-post-image\" alt=\"\" srcset=\"https:\/\/ivoirebatiroute.pds-staging.fr\/wp-content\/uploads\/2026\/02\/ayame_machine.jpg 640w, https:\/\/ivoirebatiroute.pds-staging.fr\/wp-content\/uploads\/2026\/02\/ayame_machine-300x224.jpg 300w, https:\/\/ivoirebatiroute.pds-staging.fr\/wp-content\/uploads\/2026\/02\/ayame_machine-600x448.jpg 600w\" sizes=\"(max-width: 640px) 100vw, 640px\" \/> <\/a>\r\r\n\t\t\t    \t\t\r\n\t    \t    <\/div>\r\r\n\t        <\/div>\r\r\n\t\t<\/li>\r\r\n    <\/ul>  \r\r\n\t\t\r\r\n\t<ul class=\"col-lg-12\">\r\r\n\t    <li class=\"row align-items-center\">        \r\r\n\t\t    <div class=\"col-lg-9\">\r\r\n\t\t        <div class=\"back-protfolio-content\">\r\r\n\t\t            <span class=\"back-portfolio-category\">  <a href=\"https:\/\/ivoirebatiroute.pds-staging.fr\/index.php\/portfolio-category\/infrastructure-routiere-voirie-urbaine\/\" rel=\"tag\">Infrastructures routi\u00e8res \u2013 Voirie urbaine<\/a> <\/span>\r\r\n\t\t            <h3 class=\"back-protfolio-title\"> <a href=\"https:\/\/ivoirebatiroute.pds-staging.fr\/index.php\/portfolios\/reprofilage-tonkpi\/\">Reprofilage lourd &#038; traitement de points critiques (Tonkpi \u2013 25 km) <\/a> <\/h3>\r\r\n\t\t            <div class=\"back-des\"> \r\r\n\t\t            <p>Reprofilage lourd, remise en \u00e9tat et traitement des points critiques sur 25 km de routes en terre.<\/p>\n \r\r\n                \t<\/div>\r\r\n\t\t        <\/div>\r\r\n\t\t    <\/div> \r\r\n\t\t    <div class=\"col-lg-3\">\r\r\n\t\t        <div class=\"back-protfolio-content\">\r\r\n\t\t            \r\n                \t\t<a href=\"https:\/\/ivoirebatiroute.pds-staging.fr\/index.php\/portfolios\/reprofilage-tonkpi\/\" class=\"back--read-more\"> Read More <\/a>\r\r\n\t                \r\n\t\t        <\/div>\r\r\n\t\t    <\/div>\r\r\n\t        <div class=\"col-lg-12\">    \r\r\n\t    \t    <div class=\"back-port--img\">   \r\r\n    \t    \t    \r\n\t\t\t    \t\t\t<a href=\"https:\/\/ivoirebatiroute.pds-staging.fr\/index.php\/portfolios\/reprofilage-tonkpi\/\">  <\/a>\r\r\n\t\t\t    \t\t\r\n\t    \t    <\/div>\r\r\n\t        <\/div>\r\r\n\t\t<\/li>\r\r\n    <\/ul>  \r\r\n\t\t\r\r\n\t<ul class=\"col-lg-12\">\r\r\n\t    <li class=\"row align-items-center\">        \r\r\n\t\t    <div class=\"col-lg-9\">\r\r\n\t\t        <div class=\"back-protfolio-content\">\r\r\n\t\t            <span class=\"back-portfolio-category\">  <a href=\"https:\/\/ivoirebatiroute.pds-staging.fr\/index.php\/portfolio-category\/amenagement-foncier\/\" rel=\"tag\">Am\u00e9nagement foncier<\/a> <\/span>\r\r\n\t\t            <h3 class=\"back-protfolio-title\"> <a href=\"https:\/\/ivoirebatiroute.pds-staging.fr\/index.php\/portfolios\/lotissement-bonoua\/\">Lotissement approuv\u00e9 \u00e0 Bonoua (48 ha) <\/a> <\/h3>\r\r\n\t\t            <div class=\"back-des\"> \r\r\n\t\t            <p>Am\u00e9nagement foncier d\u2019un site approuv\u00e9 de 48 ha, structuration des voies et pr\u00e9paration \u00e0 la viabilisation.<\/p>\n \r\r\n                \t<\/div>\r\r\n\t\t        <\/div>\r\r\n\t\t    <\/div> \r\r\n\t\t    <div class=\"col-lg-3\">\r\r\n\t\t        <div class=\"back-protfolio-content\">\r\r\n\t\t            \r\n                \t\t<a href=\"https:\/\/ivoirebatiroute.pds-staging.fr\/index.php\/portfolios\/lotissement-bonoua\/\" class=\"back--read-more\"> Read More <\/a>\r\r\n\t                \r\n\t\t        <\/div>\r\r\n\t\t    <\/div>\r\r\n\t        <div class=\"col-lg-12\">    \r\r\n\t    \t    <div class=\"back-port--img\">   \r\r\n    \t    \t    \r\n\t\t\t    \t\t\t<a href=\"https:\/\/ivoirebatiroute.pds-staging.fr\/index.php\/portfolios\/lotissement-bonoua\/\"> <img decoding=\"async\" width=\"1024\" height=\"576\" src=\"https:\/\/ivoirebatiroute.pds-staging.fr\/wp-content\/uploads\/2024\/02\/bonoua_ibr.jpg\" class=\"attachment-full size-full wp-post-image\" alt=\"\" srcset=\"https:\/\/ivoirebatiroute.pds-staging.fr\/wp-content\/uploads\/2024\/02\/bonoua_ibr.jpg 1024w, https:\/\/ivoirebatiroute.pds-staging.fr\/wp-content\/uploads\/2024\/02\/bonoua_ibr-300x169.jpg 300w, https:\/\/ivoirebatiroute.pds-staging.fr\/wp-content\/uploads\/2024\/02\/bonoua_ibr-768x432.jpg 768w, https:\/\/ivoirebatiroute.pds-staging.fr\/wp-content\/uploads\/2024\/02\/bonoua_ibr-600x338.jpg 600w\" sizes=\"(max-width: 1024px) 100vw, 1024px\" \/> <\/a>\r\r\n\t\t\t    \t\t\r\n\t    \t    <\/div>\r\r\n\t        <\/div>\r\r\n\t\t<\/li>\r\r\n    <\/ul>  \r\r\n\t\t\r\r\n\t<ul class=\"col-lg-12\">\r\r\n\t    <li class=\"row align-items-center\">        \r\r\n\t\t    <div class=\"col-lg-9\">\r\r\n\t\t        <div class=\"back-protfolio-content\">\r\r\n\t\t            <span class=\"back-portfolio-category\">  <a href=\"https:\/\/ivoirebatiroute.pds-staging.fr\/index.php\/portfolio-category\/batiment\/\" rel=\"tag\">B\u00e2timent<\/a> <\/span>\r\r\n\t\t            <h3 class=\"back-protfolio-title\"> <a href=\"https:\/\/ivoirebatiroute.pds-staging.fr\/index.php\/portfolios\/route-bassam\/\">Construction de 60 b\u00e2timents \u2013 Route de Bassam <\/a> <\/h3>\r\r\n\t\t            <div class=\"back-des\"> \r\r\n\t\t            <p>Programme de 60 b\u00e2timents moyen &#038; haut standing sur l\u2019axe Bassam, organisation de chantier et suivi d\u2019ex\u00e9cution.<\/p>\n \r\r\n                \t<\/div>\r\r\n\t\t        <\/div>\r\r\n\t\t    <\/div> \r\r\n\t\t    <div class=\"col-lg-3\">\r\r\n\t\t        <div class=\"back-protfolio-content\">\r\r\n\t\t            \r\n                \t\t<a href=\"https:\/\/ivoirebatiroute.pds-staging.fr\/index.php\/portfolios\/route-bassam\/\" class=\"back--read-more\"> Read More <\/a>\r\r\n\t                \r\n\t\t        <\/div>\r\r\n\t\t    <\/div>\r\r\n\t        <div class=\"col-lg-12\">    \r\r\n\t    \t    <div class=\"back-port--img\">   \r\r\n    \t    \t    \r\n\t\t\t    \t\t\t<a href=\"https:\/\/ivoirebatiroute.pds-staging.fr\/index.php\/portfolios\/route-bassam\/\"> <img loading=\"lazy\" decoding=\"async\" width=\"1008\" height=\"756\" src=\"https:\/\/ivoirebatiroute.pds-staging.fr\/wp-content\/uploads\/2024\/02\/bassam_cite_paix.jpg\" class=\"attachment-full size-full wp-post-image\" alt=\"\" srcset=\"https:\/\/ivoirebatiroute.pds-staging.fr\/wp-content\/uploads\/2024\/02\/bassam_cite_paix.jpg 1008w, https:\/\/ivoirebatiroute.pds-staging.fr\/wp-content\/uploads\/2024\/02\/bassam_cite_paix-300x225.jpg 300w, https:\/\/ivoirebatiroute.pds-staging.fr\/wp-content\/uploads\/2024\/02\/bassam_cite_paix-768x576.jpg 768w, https:\/\/ivoirebatiroute.pds-staging.fr\/wp-content\/uploads\/2024\/02\/bassam_cite_paix-600x450.jpg 600w\" sizes=\"(max-width: 1008px) 100vw, 1008px\" \/> <\/a>\r\r\n\t\t\t    \t\t\r\n\t    \t    <\/div>\r\r\n\t        <\/div>\r\r\n\t\t<\/li>\r\r\n    <\/ul>  \r\r\n\t\t\r\r\n\t<ul class=\"col-lg-12\">\r\r\n\t    <li class=\"row align-items-center\">        \r\r\n\t\t    <div class=\"col-lg-9\">\r\r\n\t\t        <div class=\"back-protfolio-content\">\r\r\n\t\t            <span class=\"back-portfolio-category\">  <a href=\"https:\/\/ivoirebatiroute.pds-staging.fr\/index.php\/portfolio-category\/amenagement-foncier\/\" rel=\"tag\">Am\u00e9nagement foncier<\/a><span class=\"separator\">,<\/span> <a href=\"https:\/\/ivoirebatiroute.pds-staging.fr\/index.php\/portfolio-category\/lotissement\/\" rel=\"tag\">Lotissement<\/a> <\/span>\r\r\n\t\t            <h3 class=\"back-protfolio-title\"> <a href=\"https:\/\/ivoirebatiroute.pds-staging.fr\/index.php\/portfolios\/cite-paix-bassam\/\">Lotissement \u201cLa Cit\u00e9 de la Paix\u201d \u2013 Route de Bassam <\/a> <\/h3>\r\r\n\t\t            <div class=\"back-des\"> \r\r\n\t\t            <p>Lotissement embl\u00e9matique de l\u2019entreprise sur l\u2019axe Bassam, structuration fonci\u00e8re et pr\u00e9paration \u00e0 la viabilisation.<\/p>\n \r\r\n                \t<\/div>\r\r\n\t\t        <\/div>\r\r\n\t\t    <\/div> \r\r\n\t\t    <div class=\"col-lg-3\">\r\r\n\t\t        <div class=\"back-protfolio-content\">\r\r\n\t\t            \r\n                \t\t<a href=\"https:\/\/ivoirebatiroute.pds-staging.fr\/index.php\/portfolios\/cite-paix-bassam\/\" class=\"back--read-more\"> Read More <\/a>\r\r\n\t                \r\n\t\t        <\/div>\r\r\n\t\t    <\/div>\r\r\n\t        <div class=\"col-lg-12\">    \r\r\n\t    \t    <div class=\"back-port--img\">   \r\r\n    \t    \t    \r\n\t\t\t    \t\t\t<a href=\"https:\/\/ivoirebatiroute.pds-staging.fr\/index.php\/portfolios\/cite-paix-bassam\/\"> <img loading=\"lazy\" decoding=\"async\" width=\"1500\" height=\"844\" src=\"https:\/\/ivoirebatiroute.pds-staging.fr\/wp-content\/uploads\/2024\/01\/cite_paix_bassam.jpeg\" class=\"attachment-full size-full wp-post-image\" alt=\"\" srcset=\"https:\/\/ivoirebatiroute.pds-staging.fr\/wp-content\/uploads\/2024\/01\/cite_paix_bassam.jpeg 1500w, https:\/\/ivoirebatiroute.pds-staging.fr\/wp-content\/uploads\/2024\/01\/cite_paix_bassam-300x169.jpeg 300w, https:\/\/ivoirebatiroute.pds-staging.fr\/wp-content\/uploads\/2024\/01\/cite_paix_bassam-1024x576.jpeg 1024w, https:\/\/ivoirebatiroute.pds-staging.fr\/wp-content\/uploads\/2024\/01\/cite_paix_bassam-768x432.jpeg 768w, https:\/\/ivoirebatiroute.pds-staging.fr\/wp-content\/uploads\/2024\/01\/cite_paix_bassam-600x338.jpeg 600w\" sizes=\"(max-width: 1500px) 100vw, 1500px\" \/> <\/a>\r\r\n\t\t\t    \t\t\r\n\t    \t    <\/div>\r\r\n\t        <\/div>\r\r\n\t\t<\/li>\r\r\n    <\/ul>  \r\r\n\t  \t\t<\/div>\n\t\t\t<\/div>\n\n\t\t\t\t\t<\/div>\n\t\t\t\t<\/div>\n\t\t\t\t\t<\/div>\n\t\t\t\t<\/div>\n\t\t<div class=\"elementor-element elementor-element-812d729 e-con-full e-flex back-default-class e-con e-parent\" data-id=\"812d729\" data-element_type=\"container\" data-e-type=\"container\" data-settings=\"{&quot;background_background&quot;:&quot;classic&quot;}\">\n\t\t\t\t<div class=\"elementor-element elementor-element-e2b8eb9 home-img back-default-class elementor-widget elementor-widget-heading\" data-id=\"e2b8eb9\" data-element_type=\"widget\" data-e-type=\"widget\" data-widget_type=\"heading.default\">\n\t\t\t\t\t<h2 class=\"elementor-heading-title elementor-size-default\">Turn your idea into <br> your <img decoding=\"async\" src=\"https:\/\/backtheme.tech\/products\/wordpress\/builo-construction\/wp-content\/uploads\/2024\/01\/home.png\"><\/h2>\t\t\t\t<\/div>\n\t\t\t\t<div class=\"elementor-element elementor-element-18af46f back-default-class elementor-widget elementor-widget-back-button\" data-id=\"18af46f\" data-element_type=\"widget\" data-e-type=\"widget\" data-widget_type=\"back-button.default\">\n\t\t\t\t<div class=\"elementor-widget-container\">\n\t\t\t\t\t\t\r\r\n\t\t\r\n\t\t\t<div class=\"back-elementor-btn-wrap\">\r\r\n\t\t\r\n\t\t\t<a class=\"back-elementor-btn \" href=\"https:\/\/backtheme.tech\/products\/wordpress\/builo-construction\/contact-us\/\" > Let\u2019s talk <i class=\"ri-arrow-right-up-line\"><\/i> <\/a>\r\r\n\t\t<\/div>   \r\r\n\t\t\t\t\t<\/div>\n\t\t\t\t<\/div>\n\t\t\t\t<\/div>\n\t\t\t\t<\/div>\n\t\t","protected":false},"excerpt":{"rendered":"<p>Duplex Miro Construction Specify the estimated start and completion dates for the project. Indicate the size of the project in terms of square footage or any other relevant unit of measurement. Read More Roof Wastis Construction Specify the estimated start and completion dates for the project. Indicate the size of the project in terms of&#8230;<\/p>\n","protected":false},"author":1,"featured_media":0,"parent":0,"menu_order":0,"comment_status":"closed","ping_status":"closed","template":"elementor_header_footer","meta":{"footnotes":""},"class_list":["post-1396","page","type-page","status-publish","hentry"],"_links":{"self":[{"href":"https:\/\/ivoirebatiroute.pds-staging.fr\/index.php\/wp-json\/wp\/v2\/pages\/1396","targetHints":{"allow":["GET"]}}],"collection":[{"href":"https:\/\/ivoirebatiroute.pds-staging.fr\/index.php\/wp-json\/wp\/v2\/pages"}],"about":[{"href":"https:\/\/ivoirebatiroute.pds-staging.fr\/index.php\/wp-json\/wp\/v2\/types\/page"}],"author":[{"embeddable":true,"href":"https:\/\/ivoirebatiroute.pds-staging.fr\/index.php\/wp-json\/wp\/v2\/users\/1"}],"replies":[{"embeddable":true,"href":"https:\/\/ivoirebatiroute.pds-staging.fr\/index.php\/wp-json\/wp\/v2\/comments?post=1396"}],"version-history":[{"count":0,"href":"https:\/\/ivoirebatiroute.pds-staging.fr\/index.php\/wp-json\/wp\/v2\/pages\/1396\/revisions"}],"wp:attachment":[{"href":"https:\/\/ivoirebatiroute.pds-staging.fr\/index.php\/wp-json\/wp\/v2\/media?parent=1396"}],"curies":[{"name":"wp","href":"https:\/\/api.w.org\/{rel}","templated":true}]}}