{"id":1393,"date":"2024-02-03T12:20:48","date_gmt":"2024-02-03T12:20:48","guid":{"rendered":"http:\/\/localhost:10016\/?page_id=1393"},"modified":"2024-02-03T12:20:48","modified_gmt":"2024-02-03T12:20:48","slug":"portfolio-list-03","status":"publish","type":"page","link":"https:\/\/ivoirebatiroute.pds-staging.fr\/index.php\/portfolio-list-03\/","title":{"rendered":"Portfolio List 03"},"content":{"rendered":"\t\t<div data-elementor-type=\"wp-page\" data-elementor-id=\"1393\" class=\"elementor elementor-1393\">\n\t\t\t\t<div class=\"elementor-element elementor-element-c54f0a2 e-flex e-con-boxed back-default-class e-con e-parent\" data-id=\"c54f0a2\" data-element_type=\"container\" data-e-type=\"container\">\n\t\t\t\t\t<div class=\"e-con-inner\">\n\t\t\t\t<div class=\"elementor-element elementor-element-cbde516 back-default-class elementor-widget elementor-widget-back-portfolio-list\" data-id=\"cbde516\" data-element_type=\"widget\" data-e-type=\"widget\" data-widget_type=\"back-portfolio-list.default\">\n\t\t\t\t<div class=\"elementor-widget-container\">\n\t\t\t\t\t\t \n\n\t\t<div class=\"back-portfolio-list back-portfolio-style3\">\n\t\t\t<div class=\"row\">\n\t\t\t\t\r\r\n\t<div class=\"col-lg-12\">\r\r\n\t    <div class=\"row align-items-center\">        \r\r\n\t\t    <div class=\"col-lg-4\">    \r\r\n\t\t\t    <div class=\"back-port--img\">    \r\r\n    \t    \t    \r\n\t\t\t    \t\t\t<a href=\"https:\/\/ivoirebatiroute.pds-staging.fr\/index.php\/portfolios\/attinguie-concession\/\"> <img fetchpriority=\"high\" decoding=\"async\" width=\"500\" height=\"281\" src=\"https:\/\/ivoirebatiroute.pds-staging.fr\/wp-content\/uploads\/2026\/02\/attingue_ibr_redit-500x281.png\" class=\"attachment-builo_portfolio-grid size-builo_portfolio-grid wp-post-image\" alt=\"\" \/> <\/a>\r\r\n\t\t\t    \t\t\r\n\t\t\t    <\/div>\r\r\n\t\t    <\/div>\r\r\n\t\t    <div class=\"col-lg-5\">\r\r\n\t\t        <div class=\"back-protfolio-content\">\r\r\n\t\t            <span class=\"back-portfolio-category\">  <a href=\"https:\/\/ivoirebatiroute.pds-staging.fr\/index.php\/portfolio-category\/foncier\/\" rel=\"tag\">Foncier<\/a> <\/span>\r\r\n\t\t            <h3 class=\"back-protfolio-title\"> <a href=\"https:\/\/ivoirebatiroute.pds-staging.fr\/index.php\/portfolios\/attinguie-concession\/\">Concession fonci\u00e8re \u00e0 Attingui\u00e9 (Anyama) \u2013 1 991,265 m\u00b2 <\/a> <\/h3>\r\r\n\t\t            <div class=\"back-des\"> \r\r\n\t\t            <p>S\u00e9curisation fonci\u00e8re et pr\u00e9paration de mise en valeur d\u2019une parcelle en concession d\u00e9finitive \u00e0 Attingui\u00e9 (Anyama).<\/p>\n \r\r\n                \t<\/div>\r\r\n\t\t        <\/div>\r\r\n\t\t    <\/div> \r\r\n\t\t    <div class=\"col-lg-3\">\r\r\n\t\t    \t<div class=\"back-protfolio-content\">\t\t        \t\t            \r\r\n\t            \t\r\n\t            \t\t<a href=\"https:\/\/ivoirebatiroute.pds-staging.fr\/index.php\/portfolios\/attinguie-concession\/\" class=\"back--read-more\"> Read More <\/a>\r\r\n\t                \t\r\r\n\t\t        <\/div>\t       \r\r\n\t\t    <\/div> \r\r\n\t\t<\/div>\r\r\n    <\/div>  \r\r\n\t\t\r\r\n\t<div class=\"col-lg-12\">\r\r\n\t    <div class=\"row align-items-center\">        \r\r\n\t\t    <div class=\"col-lg-4\">    \r\r\n\t\t\t    <div class=\"back-port--img\">    \r\r\n    \t    \t    \r\n\t\t\t    \t\t\t<a href=\"https:\/\/ivoirebatiroute.pds-staging.fr\/index.php\/portfolios\/rue-ayame\/\"> <img decoding=\"async\" width=\"500\" height=\"478\" src=\"https:\/\/ivoirebatiroute.pds-staging.fr\/wp-content\/uploads\/2026\/02\/ayame_machine-500x478.jpg\" class=\"attachment-builo_portfolio-grid size-builo_portfolio-grid wp-post-image\" alt=\"\" \/> <\/a>\r\r\n\t\t\t    \t\t\r\n\t\t\t    <\/div>\r\r\n\t\t    <\/div>\r\r\n\t\t    <div class=\"col-lg-5\">\r\r\n\t\t        <div class=\"back-protfolio-content\">\r\r\n\t\t            <span class=\"back-portfolio-category\">  <a href=\"https:\/\/ivoirebatiroute.pds-staging.fr\/index.php\/portfolio-category\/infrastructure-routiere-voirie-urbaine\/\" rel=\"tag\">Infrastructures routi\u00e8res \u2013 Voirie urbaine<\/a> <\/span>\r\r\n\t\t            <h3 class=\"back-protfolio-title\"> <a href=\"https:\/\/ivoirebatiroute.pds-staging.fr\/index.php\/portfolios\/rue-ayame\/\">Rechargement des rues \u00e0 Ayam\u00e9 (5 km) <\/a> <\/h3>\r\r\n\t\t            <div class=\"back-des\"> \r\r\n\t\t            <p>Specify the estimated start and completion dates for the project. Indicate the size of the project in terms of square footage or any other relevant unit of measurement.<\/p>\n \r\r\n                \t<\/div>\r\r\n\t\t        <\/div>\r\r\n\t\t    <\/div> \r\r\n\t\t    <div class=\"col-lg-3\">\r\r\n\t\t    \t<div class=\"back-protfolio-content\">\t\t        \t\t            \r\r\n\t            \t\r\n\t            \t\t<a href=\"https:\/\/ivoirebatiroute.pds-staging.fr\/index.php\/portfolios\/rue-ayame\/\" class=\"back--read-more\"> Read More <\/a>\r\r\n\t                \t\r\r\n\t\t        <\/div>\t       \r\r\n\t\t    <\/div> \r\r\n\t\t<\/div>\r\r\n    <\/div>  \r\r\n\t\t\r\r\n\t<div class=\"col-lg-12\">\r\r\n\t    <div class=\"row align-items-center\">        \r\r\n\t\t    <div class=\"col-lg-4\">    \r\r\n\t\t\t    <div class=\"back-port--img\">    \r\r\n    \t    \t    \r\n\t\t\t    \t\t\t<a href=\"https:\/\/ivoirebatiroute.pds-staging.fr\/index.php\/portfolios\/reprofilage-tonkpi\/\">  <\/a>\r\r\n\t\t\t    \t\t\r\n\t\t\t    <\/div>\r\r\n\t\t    <\/div>\r\r\n\t\t    <div class=\"col-lg-5\">\r\r\n\t\t        <div class=\"back-protfolio-content\">\r\r\n\t\t            <span class=\"back-portfolio-category\">  <a href=\"https:\/\/ivoirebatiroute.pds-staging.fr\/index.php\/portfolio-category\/infrastructure-routiere-voirie-urbaine\/\" rel=\"tag\">Infrastructures routi\u00e8res \u2013 Voirie urbaine<\/a> <\/span>\r\r\n\t\t            <h3 class=\"back-protfolio-title\"> <a href=\"https:\/\/ivoirebatiroute.pds-staging.fr\/index.php\/portfolios\/reprofilage-tonkpi\/\">Reprofilage lourd &#038; traitement de points critiques (Tonkpi \u2013 25 km) <\/a> <\/h3>\r\r\n\t\t            <div class=\"back-des\"> \r\r\n\t\t            <p>Reprofilage lourd, remise en \u00e9tat et traitement des points critiques sur 25 km de routes en terre.<\/p>\n \r\r\n                \t<\/div>\r\r\n\t\t        <\/div>\r\r\n\t\t    <\/div> \r\r\n\t\t    <div class=\"col-lg-3\">\r\r\n\t\t    \t<div class=\"back-protfolio-content\">\t\t        \t\t            \r\r\n\t            \t\r\n\t            \t\t<a href=\"https:\/\/ivoirebatiroute.pds-staging.fr\/index.php\/portfolios\/reprofilage-tonkpi\/\" class=\"back--read-more\"> Read More <\/a>\r\r\n\t                \t\r\r\n\t\t        <\/div>\t       \r\r\n\t\t    <\/div> \r\r\n\t\t<\/div>\r\r\n    <\/div>  \r\r\n\t\t\r\r\n\t<div class=\"col-lg-12\">\r\r\n\t    <div class=\"row align-items-center\">        \r\r\n\t\t    <div class=\"col-lg-4\">    \r\r\n\t\t\t    <div class=\"back-port--img\">    \r\r\n    \t    \t    \r\n\t\t\t    \t\t\t<a href=\"https:\/\/ivoirebatiroute.pds-staging.fr\/index.php\/portfolios\/lotissement-bonoua\/\"> <img decoding=\"async\" width=\"500\" height=\"500\" src=\"https:\/\/ivoirebatiroute.pds-staging.fr\/wp-content\/uploads\/2024\/02\/bonoua_ibr-500x500.jpg\" class=\"attachment-builo_portfolio-grid size-builo_portfolio-grid wp-post-image\" alt=\"\" srcset=\"https:\/\/ivoirebatiroute.pds-staging.fr\/wp-content\/uploads\/2024\/02\/bonoua_ibr-500x500.jpg 500w, https:\/\/ivoirebatiroute.pds-staging.fr\/wp-content\/uploads\/2024\/02\/bonoua_ibr-150x150.jpg 150w, https:\/\/ivoirebatiroute.pds-staging.fr\/wp-content\/uploads\/2024\/02\/bonoua_ibr-300x300.jpg 300w, https:\/\/ivoirebatiroute.pds-staging.fr\/wp-content\/uploads\/2024\/02\/bonoua_ibr-100x100.jpg 100w\" sizes=\"(max-width: 500px) 100vw, 500px\" \/> <\/a>\r\r\n\t\t\t    \t\t\r\n\t\t\t    <\/div>\r\r\n\t\t    <\/div>\r\r\n\t\t    <div class=\"col-lg-5\">\r\r\n\t\t        <div class=\"back-protfolio-content\">\r\r\n\t\t            <span class=\"back-portfolio-category\">  <a href=\"https:\/\/ivoirebatiroute.pds-staging.fr\/index.php\/portfolio-category\/amenagement-foncier\/\" rel=\"tag\">Am\u00e9nagement foncier<\/a> <\/span>\r\r\n\t\t            <h3 class=\"back-protfolio-title\"> <a href=\"https:\/\/ivoirebatiroute.pds-staging.fr\/index.php\/portfolios\/lotissement-bonoua\/\">Lotissement approuv\u00e9 \u00e0 Bonoua (48 ha) <\/a> <\/h3>\r\r\n\t\t            <div class=\"back-des\"> \r\r\n\t\t            <p>Am\u00e9nagement foncier d\u2019un site approuv\u00e9 de 48 ha, structuration des voies et pr\u00e9paration \u00e0 la viabilisation.<\/p>\n \r\r\n                \t<\/div>\r\r\n\t\t        <\/div>\r\r\n\t\t    <\/div> \r\r\n\t\t    <div class=\"col-lg-3\">\r\r\n\t\t    \t<div class=\"back-protfolio-content\">\t\t        \t\t            \r\r\n\t            \t\r\n\t            \t\t<a href=\"https:\/\/ivoirebatiroute.pds-staging.fr\/index.php\/portfolios\/lotissement-bonoua\/\" class=\"back--read-more\"> Read More <\/a>\r\r\n\t                \t\r\r\n\t\t        <\/div>\t       \r\r\n\t\t    <\/div> \r\r\n\t\t<\/div>\r\r\n    <\/div>  \r\r\n\t\t\r\r\n\t<div class=\"col-lg-12\">\r\r\n\t    <div class=\"row align-items-center\">        \r\r\n\t\t    <div class=\"col-lg-4\">    \r\r\n\t\t\t    <div class=\"back-port--img\">    \r\r\n    \t    \t    \r\n\t\t\t    \t\t\t<a href=\"https:\/\/ivoirebatiroute.pds-staging.fr\/index.php\/portfolios\/route-bassam\/\"> <img loading=\"lazy\" decoding=\"async\" width=\"500\" height=\"500\" src=\"https:\/\/ivoirebatiroute.pds-staging.fr\/wp-content\/uploads\/2024\/02\/bassam_cite_paix-500x500.jpg\" class=\"attachment-builo_portfolio-grid size-builo_portfolio-grid wp-post-image\" alt=\"\" srcset=\"https:\/\/ivoirebatiroute.pds-staging.fr\/wp-content\/uploads\/2024\/02\/bassam_cite_paix-500x500.jpg 500w, https:\/\/ivoirebatiroute.pds-staging.fr\/wp-content\/uploads\/2024\/02\/bassam_cite_paix-150x150.jpg 150w, https:\/\/ivoirebatiroute.pds-staging.fr\/wp-content\/uploads\/2024\/02\/bassam_cite_paix-300x300.jpg 300w, https:\/\/ivoirebatiroute.pds-staging.fr\/wp-content\/uploads\/2024\/02\/bassam_cite_paix-100x100.jpg 100w\" sizes=\"(max-width: 500px) 100vw, 500px\" \/> <\/a>\r\r\n\t\t\t    \t\t\r\n\t\t\t    <\/div>\r\r\n\t\t    <\/div>\r\r\n\t\t    <div class=\"col-lg-5\">\r\r\n\t\t        <div class=\"back-protfolio-content\">\r\r\n\t\t            <span class=\"back-portfolio-category\">  <a href=\"https:\/\/ivoirebatiroute.pds-staging.fr\/index.php\/portfolio-category\/batiment\/\" rel=\"tag\">B\u00e2timent<\/a> <\/span>\r\r\n\t\t            <h3 class=\"back-protfolio-title\"> <a href=\"https:\/\/ivoirebatiroute.pds-staging.fr\/index.php\/portfolios\/route-bassam\/\">Construction de 60 b\u00e2timents \u2013 Route de Bassam <\/a> <\/h3>\r\r\n\t\t            <div class=\"back-des\"> \r\r\n\t\t            <p>Programme de 60 b\u00e2timents moyen &#038; haut standing sur l\u2019axe Bassam, organisation de chantier et suivi d\u2019ex\u00e9cution.<\/p>\n \r\r\n                \t<\/div>\r\r\n\t\t        <\/div>\r\r\n\t\t    <\/div> \r\r\n\t\t    <div class=\"col-lg-3\">\r\r\n\t\t    \t<div class=\"back-protfolio-content\">\t\t        \t\t            \r\r\n\t            \t\r\n\t            \t\t<a href=\"https:\/\/ivoirebatiroute.pds-staging.fr\/index.php\/portfolios\/route-bassam\/\" class=\"back--read-more\"> Read More <\/a>\r\r\n\t                \t\r\r\n\t\t        <\/div>\t       \r\r\n\t\t    <\/div> \r\r\n\t\t<\/div>\r\r\n    <\/div>  \r\r\n\t  \t\t<\/div>\n\t\t\t<\/div>\n\n\t\t\t\t\t<\/div>\n\t\t\t\t<\/div>\n\t\t\t\t\t<\/div>\n\t\t\t\t<\/div>\n\t\t<div class=\"elementor-element elementor-element-bddb848 e-con-full e-flex back-default-class e-con e-parent\" data-id=\"bddb848\" data-element_type=\"container\" data-e-type=\"container\" data-settings=\"{&quot;background_background&quot;:&quot;classic&quot;}\">\n\t\t\t\t<div class=\"elementor-element elementor-element-19adcba home-img back-default-class elementor-widget elementor-widget-heading\" data-id=\"19adcba\" data-element_type=\"widget\" data-e-type=\"widget\" data-widget_type=\"heading.default\">\n\t\t\t\t\t<h2 class=\"elementor-heading-title elementor-size-default\">Turn your idea into <br> your <img decoding=\"async\" src=\"https:\/\/backtheme.tech\/products\/wordpress\/builo-construction\/wp-content\/uploads\/2024\/01\/home.png\"><\/h2>\t\t\t\t<\/div>\n\t\t\t\t<div class=\"elementor-element elementor-element-169e436 back-default-class elementor-widget elementor-widget-back-button\" data-id=\"169e436\" data-element_type=\"widget\" data-e-type=\"widget\" data-widget_type=\"back-button.default\">\n\t\t\t\t<div class=\"elementor-widget-container\">\n\t\t\t\t\t\t\r\r\n\t\t\r\n\t\t\t<div class=\"back-elementor-btn-wrap\">\r\r\n\t\t\r\n\t\t\t<a class=\"back-elementor-btn \" href=\"https:\/\/backtheme.tech\/products\/wordpress\/builo-construction\/contact-us\/\" > Let\u2019s talk <i class=\"ri-arrow-right-up-line\"><\/i> <\/a>\r\r\n\t\t<\/div>   \r\r\n\t\t\t\t\t<\/div>\n\t\t\t\t<\/div>\n\t\t\t\t<\/div>\n\t\t\t\t<\/div>\n\t\t","protected":false},"excerpt":{"rendered":"<p>Duplex Miro Construction Specify the estimated start and completion dates for the project. Indicate the size of the project in terms of square footage or any other relevant unit of measurement. Read More Roof Wastis Construction Specify the estimated start and completion dates for the project. Indicate the size of the project in terms of&#8230;<\/p>\n","protected":false},"author":1,"featured_media":0,"parent":0,"menu_order":0,"comment_status":"closed","ping_status":"closed","template":"elementor_header_footer","meta":{"footnotes":""},"class_list":["post-1393","page","type-page","status-publish","hentry"],"_links":{"self":[{"href":"https:\/\/ivoirebatiroute.pds-staging.fr\/index.php\/wp-json\/wp\/v2\/pages\/1393","targetHints":{"allow":["GET"]}}],"collection":[{"href":"https:\/\/ivoirebatiroute.pds-staging.fr\/index.php\/wp-json\/wp\/v2\/pages"}],"about":[{"href":"https:\/\/ivoirebatiroute.pds-staging.fr\/index.php\/wp-json\/wp\/v2\/types\/page"}],"author":[{"embeddable":true,"href":"https:\/\/ivoirebatiroute.pds-staging.fr\/index.php\/wp-json\/wp\/v2\/users\/1"}],"replies":[{"embeddable":true,"href":"https:\/\/ivoirebatiroute.pds-staging.fr\/index.php\/wp-json\/wp\/v2\/comments?post=1393"}],"version-history":[{"count":0,"href":"https:\/\/ivoirebatiroute.pds-staging.fr\/index.php\/wp-json\/wp\/v2\/pages\/1393\/revisions"}],"wp:attachment":[{"href":"https:\/\/ivoirebatiroute.pds-staging.fr\/index.php\/wp-json\/wp\/v2\/media?parent=1393"}],"curies":[{"name":"wp","href":"https:\/\/api.w.org\/{rel}","templated":true}]}}