{"id":1337,"date":"2024-02-03T10:52:29","date_gmt":"2024-02-03T10:52:29","guid":{"rendered":"http:\/\/localhost:10016\/?page_id=1337"},"modified":"2024-02-03T10:52:29","modified_gmt":"2024-02-03T10:52:29","slug":"portfolio-full-width","status":"publish","type":"page","link":"https:\/\/ivoirebatiroute.pds-staging.fr\/index.php\/portfolio-full-width\/","title":{"rendered":"Portfolio Full Width"},"content":{"rendered":"\t\t<div data-elementor-type=\"wp-page\" data-elementor-id=\"1337\" class=\"elementor elementor-1337\">\n\t\t\t\t<div class=\"elementor-element elementor-element-c5f16fb e-flex e-con-boxed back-default-class e-con e-parent\" data-id=\"c5f16fb\" data-element_type=\"container\" data-e-type=\"container\">\n\t\t\t\t\t<div class=\"e-con-inner\">\n\t\t\t\t<div class=\"elementor-element elementor-element-0044b83 back-default-class elementor-widget elementor-widget-back-portfolio-grid\" data-id=\"0044b83\" data-element_type=\"widget\" data-e-type=\"widget\" data-widget_type=\"back-portfolio-grid.default\">\n\t\t\t\t<div class=\"elementor-widget-container\">\n\t\t\t\t\t\t \n\n\t\t<div class=\"back-portfolio-grid back-case-studies back-portfolio-style5\">\n\t\t\t<div class=\"row\">\n\t\t\t\t\r\r\n\t<div class=\"col-lg-12 col-md-6\">\r\r\n\t    <div class=\"back-project-item\">        \r\r\n\t    \r\n    \t\t\t<a href=\"https:\/\/ivoirebatiroute.pds-staging.fr\/index.php\/portfolios\/attinguie-concession\/\"> <img fetchpriority=\"high\" decoding=\"async\" width=\"540\" height=\"281\" src=\"https:\/\/ivoirebatiroute.pds-staging.fr\/wp-content\/uploads\/2026\/02\/attingue_ibr_redit.png\" class=\"attachment-full size-full wp-post-image\" alt=\"\" srcset=\"https:\/\/ivoirebatiroute.pds-staging.fr\/wp-content\/uploads\/2026\/02\/attingue_ibr_redit.png 540w, https:\/\/ivoirebatiroute.pds-staging.fr\/wp-content\/uploads\/2026\/02\/attingue_ibr_redit-300x156.png 300w\" sizes=\"(max-width: 540px) 100vw, 540px\" \/> <\/a>\r\r\n    \t\t\r\n\t        <div class=\"back-protfolio-content\">\r\r\n\t            <span class=\"back-portfolio-category\">  <a href=\"https:\/\/ivoirebatiroute.pds-staging.fr\/index.php\/portfolio-category\/foncier\/\" rel=\"tag\">Foncier<\/a> <\/span>\r\r\n\t            <h3 class=\"back-protfolio-title\"> <a href=\"https:\/\/ivoirebatiroute.pds-staging.fr\/index.php\/portfolios\/attinguie-concession\/\">Concession fonci\u00e8re \u00e0 Attingui\u00e9 (Anyama) \u2013 1 991,265 m\u00b2<\/a> <\/h3>\r\r\n\t            <a href=\"https:\/\/ivoirebatiroute.pds-staging.fr\/index.php\/portfolios\/attinguie-concession\/\"><i class=\"ri-add-line\"><\/i><\/a>\r\r\n\t        <\/div>\r\r\n\t    <\/div> \r\r\n    <\/div>  \r\r\n\t\t\r\r\n\t<div class=\"col-lg-12 col-md-6\">\r\r\n\t    <div class=\"back-project-item\">        \r\r\n\t    \r\n    \t\t\t<a href=\"https:\/\/ivoirebatiroute.pds-staging.fr\/index.php\/portfolios\/rue-ayame\/\"> <img decoding=\"async\" width=\"640\" height=\"478\" src=\"https:\/\/ivoirebatiroute.pds-staging.fr\/wp-content\/uploads\/2026\/02\/ayame_machine.jpg\" class=\"attachment-full size-full wp-post-image\" alt=\"\" srcset=\"https:\/\/ivoirebatiroute.pds-staging.fr\/wp-content\/uploads\/2026\/02\/ayame_machine.jpg 640w, https:\/\/ivoirebatiroute.pds-staging.fr\/wp-content\/uploads\/2026\/02\/ayame_machine-300x224.jpg 300w, https:\/\/ivoirebatiroute.pds-staging.fr\/wp-content\/uploads\/2026\/02\/ayame_machine-600x448.jpg 600w\" sizes=\"(max-width: 640px) 100vw, 640px\" \/> <\/a>\r\r\n    \t\t\r\n\t        <div class=\"back-protfolio-content\">\r\r\n\t            <span class=\"back-portfolio-category\">  <a href=\"https:\/\/ivoirebatiroute.pds-staging.fr\/index.php\/portfolio-category\/infrastructure-routiere-voirie-urbaine\/\" rel=\"tag\">Infrastructures routi\u00e8res \u2013 Voirie urbaine<\/a> <\/span>\r\r\n\t            <h3 class=\"back-protfolio-title\"> <a href=\"https:\/\/ivoirebatiroute.pds-staging.fr\/index.php\/portfolios\/rue-ayame\/\">Rechargement des rues \u00e0 Ayam\u00e9 (5 km)<\/a> <\/h3>\r\r\n\t            <a href=\"https:\/\/ivoirebatiroute.pds-staging.fr\/index.php\/portfolios\/rue-ayame\/\"><i class=\"ri-add-line\"><\/i><\/a>\r\r\n\t        <\/div>\r\r\n\t    <\/div> \r\r\n    <\/div>  \r\r\n\t\t\r\r\n\t<div class=\"col-lg-12 col-md-6\">\r\r\n\t    <div class=\"back-project-item\">        \r\r\n\t    \r\n    \t\t\t<a href=\"https:\/\/ivoirebatiroute.pds-staging.fr\/index.php\/portfolios\/reprofilage-tonkpi\/\">  <\/a>\r\r\n    \t\t\r\n\t        <div class=\"back-protfolio-content\">\r\r\n\t            <span class=\"back-portfolio-category\">  <a href=\"https:\/\/ivoirebatiroute.pds-staging.fr\/index.php\/portfolio-category\/infrastructure-routiere-voirie-urbaine\/\" rel=\"tag\">Infrastructures routi\u00e8res \u2013 Voirie urbaine<\/a> <\/span>\r\r\n\t            <h3 class=\"back-protfolio-title\"> <a href=\"https:\/\/ivoirebatiroute.pds-staging.fr\/index.php\/portfolios\/reprofilage-tonkpi\/\">Reprofilage lourd &#038; traitement de points critiques (Tonkpi \u2013 25 km)<\/a> <\/h3>\r\r\n\t            <a href=\"https:\/\/ivoirebatiroute.pds-staging.fr\/index.php\/portfolios\/reprofilage-tonkpi\/\"><i class=\"ri-add-line\"><\/i><\/a>\r\r\n\t        <\/div>\r\r\n\t    <\/div> \r\r\n    <\/div>  \r\r\n\t\t\r\r\n\t<div class=\"col-lg-12 col-md-6\">\r\r\n\t    <div class=\"back-project-item\">        \r\r\n\t    \r\n    \t\t\t<a href=\"https:\/\/ivoirebatiroute.pds-staging.fr\/index.php\/portfolios\/lotissement-bonoua\/\"> <img decoding=\"async\" width=\"1024\" height=\"576\" src=\"https:\/\/ivoirebatiroute.pds-staging.fr\/wp-content\/uploads\/2024\/02\/bonoua_ibr.jpg\" class=\"attachment-full size-full wp-post-image\" alt=\"\" srcset=\"https:\/\/ivoirebatiroute.pds-staging.fr\/wp-content\/uploads\/2024\/02\/bonoua_ibr.jpg 1024w, https:\/\/ivoirebatiroute.pds-staging.fr\/wp-content\/uploads\/2024\/02\/bonoua_ibr-300x169.jpg 300w, https:\/\/ivoirebatiroute.pds-staging.fr\/wp-content\/uploads\/2024\/02\/bonoua_ibr-768x432.jpg 768w, https:\/\/ivoirebatiroute.pds-staging.fr\/wp-content\/uploads\/2024\/02\/bonoua_ibr-600x338.jpg 600w\" sizes=\"(max-width: 1024px) 100vw, 1024px\" \/> <\/a>\r\r\n    \t\t\r\n\t        <div class=\"back-protfolio-content\">\r\r\n\t            <span class=\"back-portfolio-category\">  <a href=\"https:\/\/ivoirebatiroute.pds-staging.fr\/index.php\/portfolio-category\/amenagement-foncier\/\" rel=\"tag\">Am\u00e9nagement foncier<\/a> <\/span>\r\r\n\t            <h3 class=\"back-protfolio-title\"> <a href=\"https:\/\/ivoirebatiroute.pds-staging.fr\/index.php\/portfolios\/lotissement-bonoua\/\">Lotissement approuv\u00e9 \u00e0 Bonoua (48 ha)<\/a> <\/h3>\r\r\n\t            <a href=\"https:\/\/ivoirebatiroute.pds-staging.fr\/index.php\/portfolios\/lotissement-bonoua\/\"><i class=\"ri-add-line\"><\/i><\/a>\r\r\n\t        <\/div>\r\r\n\t    <\/div> \r\r\n    <\/div>  \r\r\n\t  \r\r\n\t\t<\/div>\n\t\t\t\t\t\t<div class=\"back-pagination-area\"><div class=\"nav-links\"><span aria-label=\"Page 1\" aria-current=\"page\" class=\"page-numbers current\">1<\/span>\n<a aria-label=\"Page 2\" class=\"page-numbers\" href=\"https:\/\/ivoirebatiroute.pds-staging.fr\/index.php\/wp-json\/wp\/v2\/pages\/1337\/page\/2\/\">2<\/a>\n<a class=\"next page-numbers\" href=\"https:\/\/ivoirebatiroute.pds-staging.fr\/index.php\/wp-json\/wp\/v2\/pages\/1337\/page\/2\/\">Suivant\u00a0\u00bb<\/a><\/div><\/div>\n\t\t\t<\/div>\n\n\t\t\t\t\t<\/div>\n\t\t\t\t<\/div>\n\t\t\t\t\t<\/div>\n\t\t\t\t<\/div>\n\t\t<div class=\"elementor-element elementor-element-ac47075 e-con-full e-flex back-default-class e-con e-parent\" data-id=\"ac47075\" data-element_type=\"container\" data-e-type=\"container\" data-settings=\"{&quot;background_background&quot;:&quot;classic&quot;}\">\n\t\t\t\t<div class=\"elementor-element elementor-element-21bfc46 home-img back-default-class elementor-widget elementor-widget-heading\" data-id=\"21bfc46\" data-element_type=\"widget\" data-e-type=\"widget\" data-widget_type=\"heading.default\">\n\t\t\t\t\t<h2 class=\"elementor-heading-title elementor-size-default\">Turn your idea into <br> your <img decoding=\"async\" src=\"https:\/\/backtheme.tech\/products\/wordpress\/builo-construction\/wp-content\/uploads\/2024\/01\/home.png\"><\/h2>\t\t\t\t<\/div>\n\t\t\t\t<div class=\"elementor-element elementor-element-0102d31 back-default-class elementor-widget elementor-widget-back-button\" data-id=\"0102d31\" data-element_type=\"widget\" data-e-type=\"widget\" data-widget_type=\"back-button.default\">\n\t\t\t\t<div class=\"elementor-widget-container\">\n\t\t\t\t\t\t\r\r\n\t\t\r\n\t\t\t<div class=\"back-elementor-btn-wrap\">\r\r\n\t\t\r\n\t\t\t<a class=\"back-elementor-btn \" href=\"https:\/\/backtheme.tech\/products\/wordpress\/builo-construction\/contact-us\/\" > Let\u2019s talk <i class=\"ri-arrow-right-up-line\"><\/i> <\/a>\r\r\n\t\t<\/div>   \r\r\n\t\t\t\t\t<\/div>\n\t\t\t\t<\/div>\n\t\t\t\t<\/div>\n\t\t\t\t<\/div>\n\t\t","protected":false},"excerpt":{"rendered":"<p>Duplex Miro Construction Roof Wastis Construction Roof Joxi Construction Building Mexic Construction 1 2 3 Next &raquo; Turn your idea into your Let\u2019s talk<\/p>\n","protected":false},"author":1,"featured_media":0,"parent":0,"menu_order":0,"comment_status":"closed","ping_status":"closed","template":"elementor_header_footer","meta":{"footnotes":""},"class_list":["post-1337","page","type-page","status-publish","hentry"],"_links":{"self":[{"href":"https:\/\/ivoirebatiroute.pds-staging.fr\/index.php\/wp-json\/wp\/v2\/pages\/1337","targetHints":{"allow":["GET"]}}],"collection":[{"href":"https:\/\/ivoirebatiroute.pds-staging.fr\/index.php\/wp-json\/wp\/v2\/pages"}],"about":[{"href":"https:\/\/ivoirebatiroute.pds-staging.fr\/index.php\/wp-json\/wp\/v2\/types\/page"}],"author":[{"embeddable":true,"href":"https:\/\/ivoirebatiroute.pds-staging.fr\/index.php\/wp-json\/wp\/v2\/users\/1"}],"replies":[{"embeddable":true,"href":"https:\/\/ivoirebatiroute.pds-staging.fr\/index.php\/wp-json\/wp\/v2\/comments?post=1337"}],"version-history":[{"count":0,"href":"https:\/\/ivoirebatiroute.pds-staging.fr\/index.php\/wp-json\/wp\/v2\/pages\/1337\/revisions"}],"wp:attachment":[{"href":"https:\/\/ivoirebatiroute.pds-staging.fr\/index.php\/wp-json\/wp\/v2\/media?parent=1337"}],"curies":[{"name":"wp","href":"https:\/\/api.w.org\/{rel}","templated":true}]}}