{"id":1328,"date":"2024-02-03T10:34:37","date_gmt":"2024-02-03T10:34:37","guid":{"rendered":"http:\/\/localhost:10016\/?page_id=1328"},"modified":"2024-02-03T10:34:37","modified_gmt":"2024-02-03T10:34:37","slug":"portfolio-slider","status":"publish","type":"page","link":"https:\/\/ivoirebatiroute.pds-staging.fr\/index.php\/portfolio-slider\/","title":{"rendered":"Portfolio Slider"},"content":{"rendered":"\t\t<div data-elementor-type=\"wp-page\" data-elementor-id=\"1328\" class=\"elementor elementor-1328\">\n\t\t\t\t<div class=\"elementor-element elementor-element-5febc94 e-con-full e-flex back-default-class e-con e-parent\" data-id=\"5febc94\" data-element_type=\"container\" data-e-type=\"container\">\n\t\t\t\t<div class=\"elementor-element elementor-element-467b471 back-default-class elementor-widget elementor-widget-back-portfolio-slider\" data-id=\"467b471\" data-element_type=\"widget\" data-e-type=\"widget\" data-widget_type=\"back-portfolio-slider.default\">\n\t\t\t\t<div class=\"elementor-widget-container\">\n\t\t\t\t\t\t \n\n\t\t<div class=\"back-unique-slider back-case-studies back-portfolio-style1\">\n\t\t\t<div id=\"back-slick-slider-33964\" class=\"back-addon-sliders\">\t\t\n\t\t\t\t\r\r\n\r\r\n    <div class=\"back-project-item\">        \r\r\n\t    <img decoding=\"async\" src=\"https:\/\/ivoirebatiroute.pds-staging.fr\/wp-content\/uploads\/2024\/01\/attingue_ibr.jpg\" alt=\"Concession fonci\u00e8re \u00e0 Attingui\u00e9 (Anyama) \u2013 1 991,265 m\u00b2\">\r\n        <div class=\"back-protfolio-content\">\r\r\n            <span class=\"back-portfolio-category\">  <a href=\"https:\/\/ivoirebatiroute.pds-staging.fr\/index.php\/portfolio-category\/foncier\/\" rel=\"tag\">Foncier<\/a> <\/span>\r\r\n            <h3 class=\"back-protfolio-title\"> <a href=\"https:\/\/ivoirebatiroute.pds-staging.fr\/index.php\/portfolios\/attinguie-concession\/\">Concession fonci\u00e8re \u00e0 Attingui\u00e9 (Anyama) \u2013 1 991,265 m\u00b2<\/a> <\/h3>\r\r\n            <a href=\"https:\/\/ivoirebatiroute.pds-staging.fr\/index.php\/portfolios\/attinguie-concession\/\"><i class=\"ri-add-line\"><\/i><\/a>\r\r\n        <\/div>\r\r\n    <\/div>   \r\r\n\t\t\r\r\n\r\r\n    <div class=\"back-project-item\">        \r\r\n\t    <img decoding=\"async\" src=\"https:\/\/ivoirebatiroute.pds-staging.fr\/wp-content\/uploads\/2026\/02\/ayame_machine_redit.jpg\" alt=\"Rechargement des rues \u00e0 Ayam\u00e9 (5 km)\">\r\n        <div class=\"back-protfolio-content\">\r\r\n            <span class=\"back-portfolio-category\">  <a href=\"https:\/\/ivoirebatiroute.pds-staging.fr\/index.php\/portfolio-category\/infrastructure-routiere-voirie-urbaine\/\" rel=\"tag\">Infrastructures routi\u00e8res \u2013 Voirie urbaine<\/a> <\/span>\r\r\n            <h3 class=\"back-protfolio-title\"> <a href=\"https:\/\/ivoirebatiroute.pds-staging.fr\/index.php\/portfolios\/rue-ayame\/\">Rechargement des rues \u00e0 Ayam\u00e9 (5 km)<\/a> <\/h3>\r\r\n            <a href=\"https:\/\/ivoirebatiroute.pds-staging.fr\/index.php\/portfolios\/rue-ayame\/\"><i class=\"ri-add-line\"><\/i><\/a>\r\r\n        <\/div>\r\r\n    <\/div>   \r\r\n\t\t\r\r\n\r\r\n    <div class=\"back-project-item\">        \r\r\n\t    <img decoding=\"async\" src=\"https:\/\/ivoirebatiroute.pds-staging.fr\/wp-content\/uploads\/2024\/02\/tonpki.jpg\" alt=\"Reprofilage lourd &#038; traitement de points critiques (Tonkpi \u2013 25 km)\">\r\n        <div class=\"back-protfolio-content\">\r\r\n            <span class=\"back-portfolio-category\">  <a href=\"https:\/\/ivoirebatiroute.pds-staging.fr\/index.php\/portfolio-category\/infrastructure-routiere-voirie-urbaine\/\" rel=\"tag\">Infrastructures routi\u00e8res \u2013 Voirie urbaine<\/a> <\/span>\r\r\n            <h3 class=\"back-protfolio-title\"> <a href=\"https:\/\/ivoirebatiroute.pds-staging.fr\/index.php\/portfolios\/reprofilage-tonkpi\/\">Reprofilage lourd &#038; traitement de points critiques (Tonkpi \u2013 25 km)<\/a> <\/h3>\r\r\n            <a href=\"https:\/\/ivoirebatiroute.pds-staging.fr\/index.php\/portfolios\/reprofilage-tonkpi\/\"><i class=\"ri-add-line\"><\/i><\/a>\r\r\n        <\/div>\r\r\n    <\/div>   \r\r\n\t\t\r\r\n\r\r\n    <div class=\"back-project-item\">        \r\r\n\t    <img decoding=\"async\" src=\"https:\/\/ivoirebatiroute.pds-staging.fr\/wp-content\/uploads\/2026\/02\/bonoua_ibr_redit.jpg\" alt=\"Lotissement approuv\u00e9 \u00e0 Bonoua (48 ha)\">\r\n        <div class=\"back-protfolio-content\">\r\r\n            <span class=\"back-portfolio-category\">  <a href=\"https:\/\/ivoirebatiroute.pds-staging.fr\/index.php\/portfolio-category\/amenagement-foncier\/\" rel=\"tag\">Am\u00e9nagement foncier<\/a> <\/span>\r\r\n            <h3 class=\"back-protfolio-title\"> <a href=\"https:\/\/ivoirebatiroute.pds-staging.fr\/index.php\/portfolios\/lotissement-bonoua\/\">Lotissement approuv\u00e9 \u00e0 Bonoua (48 ha)<\/a> <\/h3>\r\r\n            <a href=\"https:\/\/ivoirebatiroute.pds-staging.fr\/index.php\/portfolios\/lotissement-bonoua\/\"><i class=\"ri-add-line\"><\/i><\/a>\r\r\n        <\/div>\r\r\n    <\/div>   \r\r\n\t\t\r\r\n\r\r\n    <div class=\"back-project-item\">        \r\r\n\t    <img decoding=\"async\" src=\"https:\/\/ivoirebatiroute.pds-staging.fr\/wp-content\/uploads\/2026\/02\/bassam_cite_paix_redit.jpg\" alt=\"Construction de 60 b\u00e2timents \u2013 Route de Bassam\">\r\n        <div class=\"back-protfolio-content\">\r\r\n            <span class=\"back-portfolio-category\">  <a href=\"https:\/\/ivoirebatiroute.pds-staging.fr\/index.php\/portfolio-category\/batiment\/\" rel=\"tag\">B\u00e2timent<\/a> <\/span>\r\r\n            <h3 class=\"back-protfolio-title\"> <a href=\"https:\/\/ivoirebatiroute.pds-staging.fr\/index.php\/portfolios\/route-bassam\/\">Construction de 60 b\u00e2timents \u2013 Route de Bassam<\/a> <\/h3>\r\r\n            <a href=\"https:\/\/ivoirebatiroute.pds-staging.fr\/index.php\/portfolios\/route-bassam\/\"><i class=\"ri-add-line\"><\/i><\/a>\r\r\n        <\/div>\r\r\n    <\/div>   \r\r\n\t\t\r\r\n\r\r\n    <div class=\"back-project-item\">        \r\r\n\t    <img decoding=\"async\" src=\"https:\/\/ivoirebatiroute.pds-staging.fr\/wp-content\/uploads\/2026\/02\/cite_paix_bassam_redit.jpg\" alt=\"Lotissement \u201cLa Cit\u00e9 de la Paix\u201d \u2013 Route de Bassam\">\r\n        <div class=\"back-protfolio-content\">\r\r\n            <span class=\"back-portfolio-category\">  <a href=\"https:\/\/ivoirebatiroute.pds-staging.fr\/index.php\/portfolio-category\/amenagement-foncier\/\" rel=\"tag\">Am\u00e9nagement foncier<\/a><span class=\"separator\">,<\/span> <a href=\"https:\/\/ivoirebatiroute.pds-staging.fr\/index.php\/portfolio-category\/lotissement\/\" rel=\"tag\">Lotissement<\/a> <\/span>\r\r\n            <h3 class=\"back-protfolio-title\"> <a href=\"https:\/\/ivoirebatiroute.pds-staging.fr\/index.php\/portfolios\/cite-paix-bassam\/\">Lotissement \u201cLa Cit\u00e9 de la Paix\u201d \u2013 Route de Bassam<\/a> <\/h3>\r\r\n            <a href=\"https:\/\/ivoirebatiroute.pds-staging.fr\/index.php\/portfolios\/cite-paix-bassam\/\"><i class=\"ri-add-line\"><\/i><\/a>\r\r\n        <\/div>\r\r\n    <\/div>   \r\r\n\t  \r\r\n\t\t<\/div>\n\t\t<div class=\"back-slider-conf wpsisac-hide\" data-conf=\"{&quot;slidesToShow&quot;:3,&quot;autoplaySpeed&quot;:3000,&quot;interval&quot;:3000,&quot;slidesToScroll&quot;:&quot;1&quot;,&quot;slider_autoplay&quot;:&quot;true&quot;,&quot;pauseOnHover&quot;:&quot;false&quot;,&quot;sliderDots&quot;:&quot;false&quot;,&quot;sliderNav&quot;:&quot;false&quot;,&quot;infinite&quot;:&quot;false&quot;,&quot;centerMode&quot;:&quot;false&quot;,&quot;col_lg&quot;:3,&quot;col_md&quot;:3,&quot;col_sm&quot;:2,&quot;col_xs&quot;:1,&quot;slider_centerMode_pad&quot;:&quot;400px&quot;,&quot;slider_centeback_pad&quot;:null,&quot;slider_centeback_pad2&quot;:null,&quot;slider_center_pad3&quot;:null}\"><\/div>\n\t<\/div>\n\t<script type=\"text\/javascript\"> \n\t\tjQuery(document).ready(function(){\n\t\t\tjQuery( '.back-addon-sliders' ).each(function( index ) {        \n\t        var slider_id       = jQuery(this).attr('id'); \n\t        var slider_conf     = jQuery.parseJSON( jQuery(this).closest('.back-unique-slider').find('.back-slider-conf').attr('data-conf'));\n\t      \n\t        if( typeof(slider_id) != 'undefined' && slider_id != '' ) {\n            jQuery('#'+slider_id).not('.slick-initialized').slick({\n            slidesToShow    : parseInt(slider_conf.col_lg),\n            centerMode      : (slider_conf.centerMode)  == \"true\" ? true : false,\n            dots            : (slider_conf.sliderDots)  == \"true\" ? true : false,\n            arrows          : (slider_conf.sliderNav) == \"true\" ? true : false,\n            autoplay        : (slider_conf.slider_autoplay) == \"true\" ? true : false,\n            slidesToScroll  : parseInt(slider_conf.slidesToScroll),\n            centerPadding   : slider_conf.slider_centerMode_pad,\n            autoplaySpeed   : parseInt(slider_conf.autoplaySpeed),\n            pauseOnHover    : (slider_conf.pauseOnHover) == \"true\" ? true : false,\n            loop : false,\n            responsive: [{\n                breakpoint: 1200,\n                settings: {\n                    slidesToShow: parseInt(slider_conf.col_md),\n                    slidesToScroll: 1,              \n                }\n            },\n            {\n                breakpoint: 1199,\n                settings: {\n                    centerPadding   : slider_conf.slider_center_pad3,\n                }\n            },\n            {\n                breakpoint: 992,\n                settings: {\n                    slidesToShow: parseInt(slider_conf.col_sm),\n                    slidesToScroll: 1,\n                    centerPadding   : slider_conf.slider_centeback_pad,\n                }\n            }, \n            {\n                breakpoint: 768,\n                settings: {\n                    arrows: false,\n                    slidesToShow: parseInt(slider_conf.col_xs),\n                    slidesToScroll: 1,\n                    centerPadding   : slider_conf.slider_centeback_pad2,\n                }\n            }, \n            {\n                breakpoint: 600,\n                settings: {\n                    slidesToShow: 1,\n                    arrows: false,\n                    slidesToScroll: 1,\n                    centerPadding   : '0px',\n                }\n            }]\n            });\n        }\n\t   \n\t\t});\n\t});\n    <\/script>\n\t\t\t\t\t<\/div>\n\t\t\t\t<\/div>\n\t\t\t\t<\/div>\n\t\t<div class=\"elementor-element elementor-element-0a024ea e-con-full back-cons-secondary e-flex e-con e-parent\" data-id=\"0a024ea\" data-element_type=\"container\" data-e-type=\"container\" data-settings=\"{&quot;background_background&quot;:&quot;classic&quot;}\">\n\t\t<div class=\"elementor-element elementor-element-5b49fdc e-con-full elementor-hidden-tablet elementor-hidden-mobile e-flex back-default-class e-con e-child\" data-id=\"5b49fdc\" data-element_type=\"container\" data-e-type=\"container\" data-settings=\"{&quot;background_background&quot;:&quot;classic&quot;}\">\n\t\t\t\t<\/div>\n\t\t<div class=\"elementor-element elementor-element-d936791 e-con-full e-flex back-default-class e-con e-child\" data-id=\"d936791\" data-element_type=\"container\" data-e-type=\"container\">\n\t\t\t\t<div class=\"elementor-element elementor-element-943dcc2 back-default-class elementor-widget elementor-widget-back-core-heading\" data-id=\"943dcc2\" data-element_type=\"widget\" data-e-type=\"widget\" data-widget_type=\"back-core-heading.default\">\n\t\t\t\t<div class=\"elementor-widget-container\">\n\t\t\t\t\t\r\n        <div class=\"back-elementor-heading back-elementor-heading-default\">\r\r\n\t        \r\n\t\t\t<h2 class=\"title\">We Are Build Strong Building IN Town<\/h2>\r\n        <\/div>\r\r\n\r\r\n        \t\t\t\t<\/div>\n\t\t\t\t<\/div>\n\t\t\t\t<div class=\"elementor-element elementor-element-4935a60 back-default-class elementor-widget elementor-widget-text-editor\" data-id=\"4935a60\" data-element_type=\"widget\" data-e-type=\"widget\" data-widget_type=\"text-editor.default\">\n\t\t\t\t\t\t\t\t\t<div>Promote your blog posts, case udie, and product<br> ouncems with the the branded.<\/div>\t\t\t\t\t\t\t\t<\/div>\n\t\t\t\t<div class=\"elementor-element elementor-element-83fce0b back-default-class elementor-widget elementor-widget-back-cf7\" data-id=\"83fce0b\" data-element_type=\"widget\" data-e-type=\"widget\" data-widget_type=\"back-cf7.default\">\n\t\t\t\t<div class=\"elementor-widget-container\">\n\t\t\t\t\t\n<div class=\"wpcf7 no-js\" id=\"wpcf7-f6-o1\" lang=\"en-US\" dir=\"ltr\" data-wpcf7-id=\"6\">\n<div class=\"screen-reader-response\"><p role=\"status\" aria-live=\"polite\" aria-atomic=\"true\"><\/p> <ul><\/ul><\/div>\n<form action=\"\/index.php\/wp-json\/wp\/v2\/pages\/1328#wpcf7-f6-o1\" method=\"post\" class=\"wpcf7-form init\" aria-label=\"Contact form\" novalidate=\"novalidate\" data-status=\"init\">\n<fieldset class=\"hidden-fields-container\"><input type=\"hidden\" name=\"_wpcf7\" value=\"6\" \/><input type=\"hidden\" name=\"_wpcf7_version\" value=\"6.1.5\" \/><input type=\"hidden\" name=\"_wpcf7_locale\" value=\"en_US\" \/><input type=\"hidden\" name=\"_wpcf7_unit_tag\" value=\"wpcf7-f6-o1\" \/><input type=\"hidden\" name=\"_wpcf7_container_post\" value=\"0\" \/><input type=\"hidden\" name=\"_wpcf7_posted_data_hash\" value=\"\" \/>\n<\/fieldset>\n<div class=\"row\">\n\t<div class=\"col-lg-6\">\n\t\t<p><span class=\"wpcf7-form-control-wrap\" data-name=\"your-name\"><input size=\"40\" maxlength=\"400\" class=\"wpcf7-form-control wpcf7-text wpcf7-validates-as-required\" aria-required=\"true\" aria-invalid=\"false\" placeholder=\"Nom &amp; Pr\u00e9nom\" value=\"\" type=\"text\" name=\"your-name\" \/><\/span>\n\t\t<\/p>\n\t<\/div>\n\t<div class=\"col-lg-6\">\n\t\t<p><span class=\"wpcf7-form-control-wrap\" data-name=\"your-email\"><input size=\"40\" maxlength=\"400\" class=\"wpcf7-form-control wpcf7-email wpcf7-validates-as-required wpcf7-text wpcf7-validates-as-email\" aria-required=\"true\" aria-invalid=\"false\" placeholder=\"Email\" value=\"\" type=\"email\" name=\"your-email\" \/><\/span>\n\t\t<\/p>\n\t<\/div>\n\t<div class=\"col-lg-6\">\n\t\t<p><span class=\"wpcf7-form-control-wrap\" data-name=\"your-subject\"><input size=\"40\" maxlength=\"400\" class=\"wpcf7-form-control wpcf7-text wpcf7-validates-as-required\" aria-required=\"true\" aria-invalid=\"false\" placeholder=\"Sujet\" value=\"\" type=\"text\" name=\"your-subject\" \/><\/span>\n\t\t<\/p>\n\t<\/div>\n\t<div class=\"col-lg-6\">\n\t\t<p><span class=\"wpcf7-form-control-wrap\" data-name=\"phone\"><input size=\"40\" maxlength=\"400\" class=\"wpcf7-form-control wpcf7-text\" aria-invalid=\"false\" placeholder=\"Num\u00e9ro de t\u00e9l\u00e9phone\" value=\"\" type=\"text\" name=\"phone\" \/><\/span>\n\t\t<\/p>\n\t<\/div>\n\t<div class=\"col-lg-12\">\n\t\t<p><span class=\"wpcf7-form-control-wrap\" data-name=\"your-message\"><textarea cols=\"40\" rows=\"10\" maxlength=\"2000\" class=\"wpcf7-form-control wpcf7-textarea\" aria-invalid=\"false\" placeholder=\"Message\" name=\"your-message\"><\/textarea><\/span>\n\t\t<\/p>\n\t<\/div>\n\t<div class=\"col-lg-12\">\n\t\t<div class=\"back-submit-btn\">\n\t\t\t<p><input class=\"wpcf7-form-control wpcf7-submit has-spinner\" type=\"submit\" value=\"Envoyer\" \/>\n\t\t\t<\/p>\n\t\t<\/div>\n\t<\/div>\n<\/div><div class=\"wpcf7-response-output\" aria-hidden=\"true\"><\/div>\n<\/form>\n<\/div>\n\t\t\t\t<\/div>\n\t\t\t\t<\/div>\n\t\t\t\t<\/div>\n\t\t<div class=\"elementor-element elementor-element-cb4b920 e-con-full e-flex back-default-class e-con e-child\" data-id=\"cb4b920\" data-element_type=\"container\" data-e-type=\"container\" data-settings=\"{&quot;background_background&quot;:&quot;classic&quot;}\">\n\t\t<div class=\"elementor-element elementor-element-0f39448 e-con-full back-cons-primary e-flex e-con e-child\" data-id=\"0f39448\" data-element_type=\"container\" data-e-type=\"container\">\n\t\t\t\t<div class=\"elementor-element elementor-element-d357d22 back-default-class elementor-widget elementor-widget-back-contact-info\" data-id=\"d357d22\" data-element_type=\"widget\" data-e-type=\"widget\" data-widget_type=\"back-contact-info.default\">\n\t\t\t\t<div class=\"elementor-widget-container\">\n\t\t\t\t\t\r\n\t\t\r\r\n\r\r\n\t\t<!-- Style 1 Start -->\r\r\n\t\t<div class=\"back-contact-info\">\r\r\n\t\t\r\n\t\t\t\t<div class=\"back-info--item\">\r\r\n\t\t\t\t\t\r\n\t\t            <div class=\"back-info-icon\">\r\r\n\t\t            \t\r\n\t\t            <\/div>\r\r\n\t\t            \r\n\t\t            <div class=\"back-info-text\">\r\r\n\t\t            \t\r\n\r\r\n\r\r\n\t\t            \t\r\n\t\t\t            \t<div class=\"text\">\r\r\n\t\t\t            \t\t\r\n\t\t\t            \t\t <strong>Call us 24\/7<\/strong>\r\r\n\t\t\t            \t\t\r\n\t\t\t\t\t                <div class=\"back-location\">\r\r\n\t\t\t\t\t                <a href=\"tel:+(+00) 123 456 789 99\">(+00) 123 456 789 99<\/a>\r\r\n\t\t\t\t\t            <\/div>\r\r\n\t\t\t\t            <\/div>\r\r\n\t\t\t       \t\t\r\n\r\r\n\r\r\n\t\t            \t\r\n\t\t            <\/div>\r\r\n\t\t        <\/div>\r\r\n\t\t\t\r\n\t\t\t\t<div class=\"back-info--item\">\r\r\n\t\t\t\t\t\r\n\t\t            <div class=\"back-info-icon\">\r\r\n\t\t            \t\r\n\t\t            <\/div>\r\r\n\t\t            \r\n\t\t            <div class=\"back-info-text\">\r\r\n\t\t            \t\r\n\r\r\n\r\r\n\t\t            \t\r\n\r\r\n\r\r\n\t\t            \t\r\n\t\t\t            \t<div class=\"text\">\r\r\n\t\t\t            \t\t\r\n\t\t\t            \t\t <strong>Email Us <\/strong>\r\r\n\t\t\t            \t\t\r\n\t\t\t            \t\t<div class=\"back-location\">\r\r\n\t\t\t\t\t                <a href=\"mailto:info@yourmail.com\">info@yourmail.com<\/a>\r\r\n\t\t\t\t\t            <\/div>\r\r\n\t\t\t\t            <\/div>\r\r\n\t\t\t       \t\t\r\n\t\t            <\/div>\r\r\n\t\t        <\/div>\r\r\n\t\t\t\r\n\t\t\t\t<div class=\"back-info--item\">\r\r\n\t\t\t\t\t\r\n\t\t            <div class=\"back-info-icon\">\r\r\n\t\t            \t\r\n\t\t            <\/div>\r\r\n\t\t            \r\n\t\t            <div class=\"back-info-text\">\r\r\n\t\t            \t\r\n\t\t            \t<div class=\"text\">\r\r\n\t\t            \t\t\r\n\t\t            \t\t <strong>location<\/strong>\r\r\n\t\t            \t\t\r\n\t\t            \t\t\r\n\t\t            \t\t<div class=\"back-location\">\r\r\n\t\t\t\t                6391 Elgin Fasti Std. Mlaiasuls 10299\tEl.\r\n\t\t\t\t            <\/div>\r\r\n\t\t\t\t            \r\n\t\t\t            <\/div>\r\r\n\t\t\t       \t\t\r\n\r\r\n\r\r\n\t\t            \t\r\n\r\r\n\r\r\n\t\t            \t\r\n\t\t            <\/div>\r\r\n\t\t        <\/div>\r\r\n\t\t\t\r\n\t\t<\/div>\r\r\n\r\r\n\t<!-- Style 1 End -->\t\r\r\n\t\t\r\r\n\t\t\t\t\t<\/div>\n\t\t\t\t<\/div>\n\t\t\t\t<\/div>\n\t\t<div class=\"elementor-element elementor-element-903b1e9 e-con-full elementor-hidden-mobile e-flex back-default-class e-con e-child\" data-id=\"903b1e9\" data-element_type=\"container\" data-e-type=\"container\">\n\t\t\t\t<\/div>\n\t\t\t\t<\/div>\n\t\t\t\t<\/div>\n\t\t<div class=\"elementor-element elementor-element-2f12d02 e-con-full e-flex back-default-class e-con e-parent\" data-id=\"2f12d02\" data-element_type=\"container\" data-e-type=\"container\" data-settings=\"{&quot;background_background&quot;:&quot;classic&quot;}\">\n\t\t\t\t<div class=\"elementor-element elementor-element-b5d961f home-img back-default-class elementor-widget elementor-widget-heading\" data-id=\"b5d961f\" data-element_type=\"widget\" data-e-type=\"widget\" data-widget_type=\"heading.default\">\n\t\t\t\t\t<h2 class=\"elementor-heading-title elementor-size-default\">Turn your idea into <br> your <img decoding=\"async\" src=\"https:\/\/backtheme.tech\/products\/wordpress\/builo-construction\/wp-content\/uploads\/2024\/01\/home.png\"><\/h2>\t\t\t\t<\/div>\n\t\t\t\t<div class=\"elementor-element elementor-element-a8ccc06 back-default-class elementor-widget elementor-widget-back-button\" data-id=\"a8ccc06\" data-element_type=\"widget\" data-e-type=\"widget\" data-widget_type=\"back-button.default\">\n\t\t\t\t<div class=\"elementor-widget-container\">\n\t\t\t\t\t\t\r\r\n\t\t\r\n\t\t\t<div class=\"back-elementor-btn-wrap\">\r\r\n\t\t\r\n\t\t\t<a class=\"back-elementor-btn \" href=\"https:\/\/backtheme.tech\/products\/wordpress\/builo-construction\/contact-us\/\" > Let\u2019s talk <i class=\"ri-arrow-right-up-line\"><\/i> <\/a>\r\r\n\t\t<\/div>   \r\r\n\t\t\t\t\t<\/div>\n\t\t\t\t<\/div>\n\t\t\t\t<\/div>\n\t\t\t\t<\/div>\n\t\t","protected":false},"excerpt":{"rendered":"<p>Duplex Miro Construction Roof Wastis Construction Roof Joxi Construction Building Mexic Construction Building Mesikal Construction Duplex Alox Construction We Are Build Strong Building IN Town Promote your blog posts, case udie, and product ouncems with the the branded. Call us 24\/7 (+00) 123 456 789 99 Email Us info@yourmail.com location 6391 Elgin Fasti Std. Mlaiasuls&#8230;<\/p>\n","protected":false},"author":1,"featured_media":0,"parent":0,"menu_order":0,"comment_status":"closed","ping_status":"closed","template":"elementor_header_footer","meta":{"footnotes":""},"class_list":["post-1328","page","type-page","status-publish","hentry"],"_links":{"self":[{"href":"https:\/\/ivoirebatiroute.pds-staging.fr\/index.php\/wp-json\/wp\/v2\/pages\/1328","targetHints":{"allow":["GET"]}}],"collection":[{"href":"https:\/\/ivoirebatiroute.pds-staging.fr\/index.php\/wp-json\/wp\/v2\/pages"}],"about":[{"href":"https:\/\/ivoirebatiroute.pds-staging.fr\/index.php\/wp-json\/wp\/v2\/types\/page"}],"author":[{"embeddable":true,"href":"https:\/\/ivoirebatiroute.pds-staging.fr\/index.php\/wp-json\/wp\/v2\/users\/1"}],"replies":[{"embeddable":true,"href":"https:\/\/ivoirebatiroute.pds-staging.fr\/index.php\/wp-json\/wp\/v2\/comments?post=1328"}],"version-history":[{"count":0,"href":"https:\/\/ivoirebatiroute.pds-staging.fr\/index.php\/wp-json\/wp\/v2\/pages\/1328\/revisions"}],"wp:attachment":[{"href":"https:\/\/ivoirebatiroute.pds-staging.fr\/index.php\/wp-json\/wp\/v2\/media?parent=1328"}],"curies":[{"name":"wp","href":"https:\/\/api.w.org\/{rel}","templated":true}]}}